{"id":1043,"date":"2024-11-24T13:09:29","date_gmt":"2024-11-24T12:09:29","guid":{"rendered":"https:\/\/vertecentrum.pl\/?page_id=1043"},"modified":"2024-11-26T01:08:10","modified_gmt":"2024-11-26T00:08:10","slug":"z-joanna-mazur","status":"publish","type":"page","link":"http:\/\/vertecentrum.pl\/index.php\/z-joanna-mazur\/","title":{"rendered":"Z Joanna Mazur"},"content":{"rendered":"\t\t<div data-elementor-type=\"wp-page\" data-elementor-id=\"1043\" class=\"elementor elementor-1043\" data-elementor-post-type=\"page\">\n\t\t\t\t<div class=\"elementor-element elementor-element-0912990 e-flex e-con-boxed e-con e-parent\" data-id=\"0912990\" data-element_type=\"container\" data-e-type=\"container\">\n\t\t\t\t\t<div class=\"e-con-inner\">\n\t\t<div class=\"elementor-element elementor-element-c360ee7 e-con-full e-flex e-con e-child\" data-id=\"c360ee7\" data-element_type=\"container\" data-e-type=\"container\">\n\t\t\t\t<div class=\"elementor-element elementor-element-14461fb elementor-widget elementor-widget-heading\" data-id=\"14461fb\" data-element_type=\"widget\" data-e-type=\"widget\" data-widget_type=\"heading.default\">\n\t\t\t\t<div class=\"elementor-widget-container\">\n\t\t\t\t\t<h1 class=\"elementor-heading-title elementor-size-default\">mgr Joanna Mazur<\/h1>\t\t\t\t<\/div>\n\t\t\t\t<\/div>\n\t\t\t\t<\/div>\n\t\t<div class=\"elementor-element elementor-element-c12b882 e-con-full e-flex e-con e-child\" data-id=\"c12b882\" data-element_type=\"container\" data-e-type=\"container\" data-settings=\"{&quot;background_background&quot;:&quot;classic&quot;}\">\n\t\t<div class=\"elementor-element elementor-element-daa4961 e-grid e-con-full e-con e-child\" data-id=\"daa4961\" data-element_type=\"container\" data-e-type=\"container\">\n\t\t<div class=\"elementor-element elementor-element-73f688d e-con-full e-flex e-con e-child\" data-id=\"73f688d\" data-element_type=\"container\" data-e-type=\"container\">\n\t\t\t\t<div class=\"elementor-element elementor-element-43a9f5d elementor-widget elementor-widget-image\" data-id=\"43a9f5d\" data-element_type=\"widget\" data-e-type=\"widget\" data-widget_type=\"image.default\">\n\t\t\t\t<div class=\"elementor-widget-container\">\n\t\t\t\t\t\t\t\t\t\t\t\t\t\t\t<img fetchpriority=\"high\" decoding=\"async\" width=\"300\" height=\"300\" src=\"https:\/\/vertecentrum.pl\/wp-content\/uploads\/2024\/11\/asia-1-300x300.jpg\" class=\"attachment-medium size-medium wp-image-782\" alt=\"\" srcset=\"https:\/\/vertecentrum.pl\/wp-content\/uploads\/2024\/11\/asia-1-300x300.jpg 300w, https:\/\/vertecentrum.pl\/wp-content\/uploads\/2024\/11\/asia-1-150x150.jpg 150w, https:\/\/vertecentrum.pl\/wp-content\/uploads\/2024\/11\/asia-1.jpg 477w\" sizes=\"(max-width: 300px) 100vw, 300px\" \/>\t\t\t\t\t\t\t\t\t\t\t\t\t\t\t<\/div>\n\t\t\t\t<\/div>\n\t\t\t\t<\/div>\n\t\t<div class=\"elementor-element elementor-element-e531f1a e-con-full e-flex e-con e-child\" data-id=\"e531f1a\" data-element_type=\"container\" data-e-type=\"container\">\n\t\t\t\t<div class=\"elementor-element elementor-element-ef41409 elementor-widget elementor-widget-heading\" data-id=\"ef41409\" data-element_type=\"widget\" data-e-type=\"widget\" data-widget_type=\"heading.default\">\n\t\t\t\t<div class=\"elementor-widget-container\">\n\t\t\t\t\t<h2 class=\"elementor-heading-title elementor-size-default\">mgr Joanna Mazur<\/h2>\t\t\t\t<\/div>\n\t\t\t\t<\/div>\n\t\t\t\t<div class=\"elementor-element elementor-element-c62f519 elementor-widget elementor-widget-text-editor\" data-id=\"c62f519\" data-element_type=\"widget\" data-e-type=\"widget\" data-widget_type=\"text-editor.default\">\n\t\t\t\t<div class=\"elementor-widget-container\">\n\t\t\t\t\t\t\t\t\t<h3>PSYCHOLOG<br \/>PSYCHOLOG DZIECI I M\u0141ODZIE\u017bY<\/h3>\t\t\t\t\t\t\t\t<\/div>\n\t\t\t\t<\/div>\n\t\t\t\t<\/div>\n\t\t\t\t<\/div>\n\t\t\t\t<\/div>\n\t\t<div class=\"elementor-element elementor-element-5b6bfee e-con-full e-flex e-con e-child\" data-id=\"5b6bfee\" data-element_type=\"container\" data-e-type=\"container\">\n\t\t\t\t<div class=\"elementor-element elementor-element-f12572d elementor-widget elementor-widget-heading\" data-id=\"f12572d\" data-element_type=\"widget\" data-e-type=\"widget\" data-widget_type=\"heading.default\">\n\t\t\t\t<div class=\"elementor-widget-container\">\n\t\t\t\t\t<h3 class=\"elementor-heading-title elementor-size-default\">Wykszta\u0142cenie <\/h3>\t\t\t\t<\/div>\n\t\t\t\t<\/div>\n\t\t\t\t<div class=\"elementor-element elementor-element-d53e96f elementor-widget elementor-widget-text-editor\" data-id=\"d53e96f\" data-element_type=\"widget\" data-e-type=\"widget\" data-widget_type=\"text-editor.default\">\n\t\t\t\t<div class=\"elementor-widget-container\">\n\t\t\t\t\t\t\t\t\t<p>Absolwentka psychologii ze specjalno\u015bci\u0105 kliniczn\u0105 na Uniwersytecie Pedagogicznym w Krakowie. Dodatkowe wykszta\u0142cenie zdoby\u0142am na rocznym szkoleniu \u201ePsychoterapia dzieci i m\u0142odzie\u017cy\u201d, prowadzonym przez prowadzony przez O\u015brodek Psychoterapii Poznawczo-Behawioralnej MENSANA w Krakowie oraz podczas studi\u00f3w podyplomowych &#8211; przygotowania pedagogicznego dla psycholog\u00f3w.<\/p>\t\t\t\t\t\t\t\t<\/div>\n\t\t\t\t<\/div>\n\t\t\t\t<div class=\"elementor-element elementor-element-f2b47fa elementor-widget elementor-widget-heading\" data-id=\"f2b47fa\" data-element_type=\"widget\" data-e-type=\"widget\" data-widget_type=\"heading.default\">\n\t\t\t\t<div class=\"elementor-widget-container\">\n\t\t\t\t\t<h3 class=\"elementor-heading-title elementor-size-default\">Do\u015bwiadczenie<\/h3>\t\t\t\t<\/div>\n\t\t\t\t<\/div>\n\t\t\t\t<div class=\"elementor-element elementor-element-f0f2d9a elementor-widget elementor-widget-text-editor\" data-id=\"f0f2d9a\" data-element_type=\"widget\" data-e-type=\"widget\" data-widget_type=\"text-editor.default\">\n\t\t\t\t<div class=\"elementor-widget-container\">\n\t\t\t\t\t\t\t\t\t<p>Do\u015bwiadczenie w pracy psychologicznej z dzie\u0107mi i m\u0142odzie\u017c\u0105 zdobywa\u0142am w r\u00f3\u017cnych plac\u00f3wkach &#8211; przedszkolach, \u017c\u0142obkach, szko\u0142ach specjalnych i poradniach, m.in.: Poradni Psychologiczno-Pedagogicznej, Specjalnym O\u015brodku Szkolno-Wychowawczym w Strzy\u017cowie, Przedszkolu i \u017b\u0142obku \u201eBombelkowo\u201d w Krakowie oraz \u017b\u0142obku w Malawie. Obecnie pracuj\u0119 r\u00f3wnie\u017c w organizacji pozarz\u0105dowej. Poza prac\u0105 indywidualn\u0105, posiadam do\u015bwiadczenie trenerskie, jako m.in.: trenerka edukacyjna AMAKIDS, trenerka Fundacji \u201eWyp\u0142y\u0144 na g\u0142\u0119bi\u0119\u201d, czy prowadz\u0105ca trzech edycji warsztat\u00f3w \u201eSzko\u0142a bez do\u0142a\u201d, organizowanych przez Akademi\u0119 Przysz\u0142o\u015bci i TK Maxx.<\/p>\t\t\t\t\t\t\t\t<\/div>\n\t\t\t\t<\/div>\n\t\t\t\t<div class=\"elementor-element elementor-element-d56fd1a elementor-widget elementor-widget-heading\" data-id=\"d56fd1a\" data-element_type=\"widget\" data-e-type=\"widget\" data-widget_type=\"heading.default\">\n\t\t\t\t<div class=\"elementor-widget-container\">\n\t\t\t\t\t<h3 class=\"elementor-heading-title elementor-size-default\">Z kim pracuj\u0119 <\/h3>\t\t\t\t<\/div>\n\t\t\t\t<\/div>\n\t\t\t\t<div class=\"elementor-element elementor-element-f740cba elementor-widget elementor-widget-text-editor\" data-id=\"f740cba\" data-element_type=\"widget\" data-e-type=\"widget\" data-widget_type=\"text-editor.default\">\n\t\t\t\t<div class=\"elementor-widget-container\">\n\t\t\t\t\t\t\t\t\t<p>Specjalizuj\u0119 si\u0119 w pracy z dzie\u0107mi i m\u0142odzie\u017c\u0105 do 17. roku \u017cycia, a tak\u017ce rodzicami\/opiekunami. W pracy z dzieckiem, wa\u017cna jest dla mnie wsp\u00f3\u0142praca z rodzicami, aby zapewni\u0107 dziecku ca\u0142o\u015bciowe wsparcie. <br \/>Pracuj\u0119 z dzie\u0107mi indywidualnie, a dodatkowo realizuj\u0119 r\u00f3wnie\u017c warsztaty i zaj\u0119cia grupowe (m.in. Trening Kontroli Z\u0142o\u015bci, Trening Umiej\u0119tno\u015bci Spo\u0142ecznych), by umo\u017cliwi\u0107 dzieciom sprawdzenie i nauczenie si\u0119 kompetencji spo\u0142eczno-emocjonalnych<\/p>\t\t\t\t\t\t\t\t<\/div>\n\t\t\t\t<\/div>\n\t\t\t\t<div class=\"elementor-element elementor-element-c919fdd elementor-widget elementor-widget-heading\" data-id=\"c919fdd\" data-element_type=\"widget\" data-e-type=\"widget\" data-widget_type=\"heading.default\">\n\t\t\t\t<div class=\"elementor-widget-container\">\n\t\t\t\t\t<h3 class=\"elementor-heading-title elementor-size-default\">O mnie<\/h3>\t\t\t\t<\/div>\n\t\t\t\t<\/div>\n\t\t\t\t<div class=\"elementor-element elementor-element-21a22a3 elementor-widget elementor-widget-text-editor\" data-id=\"21a22a3\" data-element_type=\"widget\" data-e-type=\"widget\" data-widget_type=\"text-editor.default\">\n\t\t\t\t<div class=\"elementor-widget-container\">\n\t\t\t\t\t\t\t\t\t<p>W pracy indywidualnej najwa\u017cniejsza jest dla mnie relacja i indywidualne podej\u015bcie do pacjenta, aby zapewni\u0107 poczucie bezpiecze\u0144stwa i zrozumienia, kt\u00f3re s\u0105 niezb\u0119dne w procesie terapeutycznym.<\/p>\t\t\t\t\t\t\t\t<\/div>\n\t\t\t\t<\/div>\n\t\t\t\t<\/div>\n\t\t<div class=\"elementor-element elementor-element-c393bc5 e-con-full e-flex e-con e-child\" data-id=\"c393bc5\" data-element_type=\"container\" data-e-type=\"container\">\n\t\t<div class=\"elementor-element elementor-element-ede29c1 e-grid e-con-full e-con e-child\" data-id=\"ede29c1\" data-element_type=\"container\" data-e-type=\"container\">\n\t\t<div class=\"elementor-element elementor-element-520a52f e-con-full e-flex e-con e-child\" data-id=\"520a52f\" data-element_type=\"container\" data-e-type=\"container\" data-settings=\"{&quot;background_background&quot;:&quot;classic&quot;}\">\n\t\t\t\t<div class=\"elementor-element elementor-element-9695c45 elementor-widget elementor-widget-heading\" data-id=\"9695c45\" data-element_type=\"widget\" data-e-type=\"widget\" data-widget_type=\"heading.default\">\n\t\t\t\t<div class=\"elementor-widget-container\">\n\t\t\t\t\t<h2 class=\"elementor-heading-title elementor-size-default\">Um\u00f3w wizyt\u0119 <\/h2>\t\t\t\t<\/div>\n\t\t\t\t<\/div>\n\t\t\t\t<div class=\"elementor-element elementor-element-98360cb elementor-align-center elementor-widget elementor-widget-button\" data-id=\"98360cb\" data-element_type=\"widget\" data-e-type=\"widget\" data-widget_type=\"button.default\">\n\t\t\t\t<div class=\"elementor-widget-container\">\n\t\t\t\t\t\t\t\t\t<div class=\"elementor-button-wrapper\">\n\t\t\t\t\t<a class=\"elementor-button elementor-button-link elementor-size-sm\" href=\"tel:518479920\">\n\t\t\t\t\t\t<span class=\"elementor-button-content-wrapper\">\n\t\t\t\t\t\t\t\t\t<span class=\"elementor-button-text\">VERTE: +48 518 479 920<\/span>\n\t\t\t\t\t<\/span>\n\t\t\t\t\t<\/a>\n\t\t\t\t<\/div>\n\t\t\t\t\t\t\t\t<\/div>\n\t\t\t\t<\/div>\n\t\t\t\t<div class=\"elementor-element elementor-element-1545843 elementor-widget elementor-widget-wpforms\" data-id=\"1545843\" data-element_type=\"widget\" data-e-type=\"widget\" data-widget_type=\"wpforms.default\">\n\t\t\t\t<div class=\"elementor-widget-container\">\n\t\t\t\t\t<div class=\"wpforms-container wpforms-container-full wpforms-render-modern\" id=\"wpforms-741\"><form id=\"wpforms-form-741\" class=\"wpforms-validate wpforms-form wpforms-ajax-form\" data-formid=\"741\" method=\"post\" enctype=\"multipart\/form-data\" action=\"\/index.php\/wp-json\/wp\/v2\/pages\/1043\" data-token=\"7284b5fbdfa2803d342a12fc675a36bc\" data-token-time=\"1776770003\"><noscript class=\"wpforms-error-noscript\">Aby wype\u0142ni\u0107 ten formularz, w\u0142\u0105cz obs\u0142ug\u0119 JavaScript w przegl\u0105darce.<\/noscript><div id=\"wpforms-error-noscript\" style=\"display: none;\">Aby wype\u0142ni\u0107 ten formularz, w\u0142\u0105cz obs\u0142ug\u0119 JavaScript w przegl\u0105darce.<\/div><div class=\"wpforms-field-container\"><div id=\"wpforms-741-field_1-container\" class=\"wpforms-field wpforms-field-name\" data-field-id=\"1\"><label class=\"wpforms-field-label\" for=\"wpforms-741-field_1\">  Imi\u0119  <span class=\"wpforms-required-label\" aria-hidden=\"true\">*<\/span><\/label><input type=\"text\" id=\"wpforms-741-field_1\" class=\"wpforms-field-large wpforms-field-required\" name=\"wpforms[fields][1]\" aria-errormessage=\"wpforms-741-field_1-error\" required><\/div>\t\t<div id=\"wpforms-741-field_5-container\"\n\t\t\tclass=\"wpforms-field wpforms-field-text\"\n\t\t\tdata-field-type=\"text\"\n\t\t\tdata-field-id=\"5\"\n\t\t\t>\n\t\t\t<label class=\"wpforms-field-label\" for=\"wpforms-741-field_5\" >  um\u00f3wienia<\/label>\n\t\t\t<input type=\"text\" id=\"wpforms-741-field_5\" class=\"wpforms-field-medium\" name=\"wpforms[fields][5]\" >\n\t\t<\/div>\n\t\t<div id=\"wpforms-741-field_2-container\" class=\"wpforms-field wpforms-field-email\" data-field-id=\"2\"><label class=\"wpforms-field-label\" for=\"wpforms-741-field_2\">  Adres e-mail  <span class=\"wpforms-required-label\" aria-hidden=\"true\">*<\/span><\/label><input type=\"email\" id=\"wpforms-741-field_2\" class=\"wpforms-field-large wpforms-field-required\" name=\"wpforms[fields][2]\" spellcheck=\"false\" aria-errormessage=\"wpforms-741-field_2-error\" required><\/div><div id=\"wpforms-741-field_6-container\" class=\"wpforms-field wpforms-field-text\" data-field-id=\"6\"><label class=\"wpforms-field-label\" for=\"wpforms-741-field_6\">Numer telefonu  <span class=\"wpforms-required-label\" aria-hidden=\"true\">*<\/span><\/label><input type=\"text\" id=\"wpforms-741-field_6\" class=\"wpforms-field-medium wpforms-field-required\" name=\"wpforms[fields][6]\" aria-errormessage=\"wpforms-741-field_6-error\" required><\/div><div id=\"wpforms-741-field_3-container\" class=\"wpforms-field wpforms-field-textarea\" data-field-id=\"3\"><label class=\"wpforms-field-label\" for=\"wpforms-741-field_3\">  Wska\u017c specjalist\u0119 w celu um\u00f3wienia wizyty lub kr\u00f3tko opisz trudno\u015b\u0107, z kt\u00f3r\u0105 si\u0119 zg\u0142aszasz.<\/label><textarea id=\"wpforms-741-field_3\" class=\"wpforms-field-medium\" name=\"wpforms[fields][3]\" aria-errormessage=\"wpforms-741-field_3-error\" ><\/textarea><\/div><div id=\"wpforms-741-field_4-container\" class=\"wpforms-field wpforms-field-checkbox\" data-field-id=\"4\"><fieldset><legend class=\"wpforms-field-label\"><\/legend><ul id=\"wpforms-741-field_4\"><li class=\"choice-1 depth-1 wpforms-selected\"><input type=\"checkbox\" id=\"wpforms-741-field_4_1\" name=\"wpforms[fields][4][]\" value=\"Zapozna\u0142am\/em si\u0119 z &lt;a href=&quot;https:\/\/vertecentrum.pl\/index.php\/kontakt\/polityka-prywatnosci\/&quot;&gt;\u201epolityk\u0105 prywatno\u015bci\u201d.&lt;\/a&gt;\" aria-errormessage=\"wpforms-741-field_4_1-error\"   checked='checked'><label class=\"wpforms-field-label-inline\" for=\"wpforms-741-field_4_1\">Zapozna\u0142am\/em si\u0119 z <a href=\"https:\/\/vertecentrum.pl\/index.php\/kontakt\/polityka-prywatnosci\/\">\u201epolityk\u0105 prywatno\u015bci\u201d.<\/a><\/label><\/li><\/ul><\/fieldset><\/div><script>\n\t\t\t\t( function() {\n\t\t\t\t\tconst style = document.createElement( 'style' );\n\t\t\t\t\tstyle.appendChild( document.createTextNode( '#wpforms-741-field_5-container { position: absolute !important; overflow: hidden !important; display: inline !important; height: 1px !important; width: 1px !important; z-index: -1000 !important; padding: 0 !important; } #wpforms-741-field_5-container input { visibility: hidden; } #wpforms-conversational-form-page #wpforms-741-field_5-container label { counter-increment: none; }' ) );\n\t\t\t\t\tdocument.head.appendChild( style );\n\t\t\t\t\tdocument.currentScript?.remove();\n\t\t\t\t} )();\n\t\t\t<\/script><\/div><!-- .wpforms-field-container --><div class=\"wpforms-submit-container\" ><input type=\"hidden\" name=\"wpforms[id]\" value=\"741\"><input type=\"hidden\" name=\"page_title\" value=\"\"><input type=\"hidden\" name=\"page_url\" value=\"http:\/\/vertecentrum.pl\/index.php\/wp-json\/wp\/v2\/pages\/1043\"><input type=\"hidden\" name=\"url_referer\" value=\"\"><button type=\"submit\" name=\"wpforms[submit]\" id=\"wpforms-submit-741\" class=\"wpforms-submit\" data-alt-text=\"Wysy\u0142anie...\" data-submit-text=\"Um\u00f3w wizyt\u0119 \" aria-live=\"assertive\" value=\"wpforms-submit\">Um\u00f3w wizyt\u0119 <\/button><img decoding=\"async\" src=\"http:\/\/vertecentrum.pl\/wp-content\/plugins\/wpforms-lite\/assets\/images\/submit-spin.svg\" class=\"wpforms-submit-spinner\" style=\"display: none;\" width=\"26\" height=\"26\" alt=\"Wczytywanie\"><\/div><\/form><\/div>  <!-- .wpforms-container -->\t\t\t\t<\/div>\n\t\t\t\t<\/div>\n\t\t\t\t<\/div>\n\t\t\t\t<\/div>\n\t\t\t\t<\/div>\n\t\t\t\t\t<\/div>\n\t\t\t\t<\/div>\n\t\t\t\t<\/div>\n\t\t","protected":false},"excerpt":{"rendered":"<p>mgr Joanna Mazur mgr Joanna Mazur PSYCHOLOGPSYCHOLOG DZIECI I M\u0141ODZIE\u017bY Wykszta\u0142cenie Absolwentka psychologii ze specjalno\u015bci\u0105 kliniczn\u0105 na Uniwersytecie Pedagogicznym w Krakowie. Dodatkowe wykszta\u0142cenie zdoby\u0142am na rocznym szkoleniu \u201ePsychoterapia dzieci i m\u0142odzie\u017cy\u201d, prowadzonym przez prowadzony przez O\u015brodek Psychoterapii Poznawczo-Behawioralnej MENSANA w Krakowie oraz podczas studi\u00f3w podyplomowych &#8211; przygotowania pedagogicznego dla psycholog\u00f3w. Do\u015bwiadczenie Do\u015bwiadczenie w pracy psychologicznej&hellip;&nbsp;<a href=\"http:\/\/vertecentrum.pl\/index.php\/z-joanna-mazur\/\" rel=\"bookmark\">Dowiedz si\u0119 wi\u0119cej &raquo;<span class=\"screen-reader-text\">Z Joanna Mazur<\/span><\/a><\/p>\n","protected":false},"author":1,"featured_media":0,"parent":0,"menu_order":0,"comment_status":"closed","ping_status":"closed","template":"","meta":{"neve_meta_sidebar":"","neve_meta_container":"","neve_meta_enable_content_width":"","neve_meta_content_width":0,"neve_meta_title_alignment":"","neve_meta_author_avatar":"","neve_post_elements_order":"","neve_meta_disable_header":"","neve_meta_disable_footer":"","neve_meta_disable_title":"","_themeisle_gutenberg_block_has_review":false,"footnotes":""},"class_list":["post-1043","page","type-page","status-publish","hentry"],"_links":{"self":[{"href":"http:\/\/vertecentrum.pl\/index.php\/wp-json\/wp\/v2\/pages\/1043","targetHints":{"allow":["GET"]}}],"collection":[{"href":"http:\/\/vertecentrum.pl\/index.php\/wp-json\/wp\/v2\/pages"}],"about":[{"href":"http:\/\/vertecentrum.pl\/index.php\/wp-json\/wp\/v2\/types\/page"}],"author":[{"embeddable":true,"href":"http:\/\/vertecentrum.pl\/index.php\/wp-json\/wp\/v2\/users\/1"}],"replies":[{"embeddable":true,"href":"http:\/\/vertecentrum.pl\/index.php\/wp-json\/wp\/v2\/comments?post=1043"}],"version-history":[{"count":10,"href":"http:\/\/vertecentrum.pl\/index.php\/wp-json\/wp\/v2\/pages\/1043\/revisions"}],"predecessor-version":[{"id":1269,"href":"http:\/\/vertecentrum.pl\/index.php\/wp-json\/wp\/v2\/pages\/1043\/revisions\/1269"}],"wp:attachment":[{"href":"http:\/\/vertecentrum.pl\/index.php\/wp-json\/wp\/v2\/media?parent=1043"}],"curies":[{"name":"wp","href":"https:\/\/api.w.org\/{rel}","templated":true}]}}