{"id":1003,"date":"2024-11-24T12:37:30","date_gmt":"2024-11-24T11:37:30","guid":{"rendered":"https:\/\/vertecentrum.pl\/?page_id=1003"},"modified":"2026-01-25T14:19:16","modified_gmt":"2026-01-25T13:19:16","slug":"z-magdalena-trzeciecka","status":"publish","type":"page","link":"https:\/\/vertecentrum.pl\/index.php\/z-magdalena-trzeciecka\/","title":{"rendered":"Z Magdalena Trzeciecka"},"content":{"rendered":"\t\t<div data-elementor-type=\"wp-page\" data-elementor-id=\"1003\" class=\"elementor elementor-1003\" data-elementor-post-type=\"page\">\n\t\t\t\t<div class=\"elementor-element elementor-element-7aaeeb8 e-flex e-con-boxed e-con e-parent\" data-id=\"7aaeeb8\" data-element_type=\"container\" data-e-type=\"container\">\n\t\t\t\t\t<div class=\"e-con-inner\">\n\t\t<div class=\"elementor-element elementor-element-68f7dce e-con-full e-flex e-con e-child\" data-id=\"68f7dce\" data-element_type=\"container\" data-e-type=\"container\">\n\t\t\t\t<div class=\"elementor-element elementor-element-c3ce05a elementor-widget elementor-widget-heading\" data-id=\"c3ce05a\" data-element_type=\"widget\" data-e-type=\"widget\" data-widget_type=\"heading.default\">\n\t\t\t\t<div class=\"elementor-widget-container\">\n\t\t\t\t\t<h1 class=\"elementor-heading-title elementor-size-default\">mgr Magdalena Trzeciecka<\/h1>\t\t\t\t<\/div>\n\t\t\t\t<\/div>\n\t\t\t\t<\/div>\n\t\t<div class=\"elementor-element elementor-element-aacccc0 e-con-full e-flex e-con e-child\" data-id=\"aacccc0\" data-element_type=\"container\" data-e-type=\"container\" data-settings=\"{&quot;background_background&quot;:&quot;classic&quot;}\">\n\t\t<div class=\"elementor-element elementor-element-c4acdd5 e-grid e-con-full e-con e-child\" data-id=\"c4acdd5\" data-element_type=\"container\" data-e-type=\"container\">\n\t\t<div class=\"elementor-element elementor-element-feba8b2 e-con-full e-flex e-con e-child\" data-id=\"feba8b2\" data-element_type=\"container\" data-e-type=\"container\">\n\t\t\t\t<div class=\"elementor-element elementor-element-7748849 elementor-widget elementor-widget-image\" data-id=\"7748849\" data-element_type=\"widget\" data-e-type=\"widget\" data-widget_type=\"image.default\">\n\t\t\t\t<div class=\"elementor-widget-container\">\n\t\t\t\t\t\t\t\t\t\t\t\t\t\t\t<img fetchpriority=\"high\" decoding=\"async\" width=\"300\" height=\"300\" src=\"https:\/\/vertecentrum.pl\/wp-content\/uploads\/2023\/04\/IMG-20230411-WA0035-300x300.jpg\" class=\"attachment-medium size-medium wp-image-107\" alt=\"\" srcset=\"https:\/\/vertecentrum.pl\/wp-content\/uploads\/2023\/04\/IMG-20230411-WA0035-300x300.jpg 300w, https:\/\/vertecentrum.pl\/wp-content\/uploads\/2023\/04\/IMG-20230411-WA0035-1024x1024.jpg 1024w, https:\/\/vertecentrum.pl\/wp-content\/uploads\/2023\/04\/IMG-20230411-WA0035-150x150.jpg 150w, https:\/\/vertecentrum.pl\/wp-content\/uploads\/2023\/04\/IMG-20230411-WA0035-768x768.jpg 768w, https:\/\/vertecentrum.pl\/wp-content\/uploads\/2023\/04\/IMG-20230411-WA0035-1536x1536.jpg 1536w, https:\/\/vertecentrum.pl\/wp-content\/uploads\/2023\/04\/IMG-20230411-WA0035.jpg 1600w\" sizes=\"(max-width: 300px) 100vw, 300px\" \/>\t\t\t\t\t\t\t\t\t\t\t\t\t\t\t<\/div>\n\t\t\t\t<\/div>\n\t\t\t\t<\/div>\n\t\t<div class=\"elementor-element elementor-element-c63d6e9 e-con-full e-flex e-con e-child\" data-id=\"c63d6e9\" data-element_type=\"container\" data-e-type=\"container\">\n\t\t\t\t<div class=\"elementor-element elementor-element-db50d6d elementor-widget elementor-widget-heading\" data-id=\"db50d6d\" data-element_type=\"widget\" data-e-type=\"widget\" data-widget_type=\"heading.default\">\n\t\t\t\t<div class=\"elementor-widget-container\">\n\t\t\t\t\t<h2 class=\"elementor-heading-title elementor-size-default\">mgr Magdalena Trzeciecka<\/h2>\t\t\t\t<\/div>\n\t\t\t\t<\/div>\n\t\t\t\t<div class=\"elementor-element elementor-element-a3919f7 elementor-widget elementor-widget-text-editor\" data-id=\"a3919f7\" data-element_type=\"widget\" data-e-type=\"widget\" data-widget_type=\"text-editor.default\">\n\t\t\t\t<div class=\"elementor-widget-container\">\n\t\t\t\t\t\t\t\t\t<h3>PSYCHOLO\u017bKA<br \/>SEKSUOLO\u017bKA<br \/>TERAPEUTKA PAR<\/h3>\t\t\t\t\t\t\t\t<\/div>\n\t\t\t\t<\/div>\n\t\t\t\t<\/div>\n\t\t\t\t<\/div>\n\t\t\t\t<\/div>\n\t\t<div class=\"elementor-element elementor-element-b467339 e-con-full e-flex e-con e-child\" data-id=\"b467339\" data-element_type=\"container\" data-e-type=\"container\">\n\t\t\t\t<div class=\"elementor-element elementor-element-0f8de23 elementor-widget elementor-widget-heading\" data-id=\"0f8de23\" data-element_type=\"widget\" data-e-type=\"widget\" data-widget_type=\"heading.default\">\n\t\t\t\t<div class=\"elementor-widget-container\">\n\t\t\t\t\t<h3 class=\"elementor-heading-title elementor-size-default\">Wykszta\u0142cenie <\/h3>\t\t\t\t<\/div>\n\t\t\t\t<\/div>\n\t\t\t\t<div class=\"elementor-element elementor-element-e9d424a elementor-widget elementor-widget-text-editor\" data-id=\"e9d424a\" data-element_type=\"widget\" data-e-type=\"widget\" data-widget_type=\"text-editor.default\">\n\t\t\t\t<div class=\"elementor-widget-container\">\n\t\t\t\t\t\t\t\t\t<ul><li>Uniwersytet Jagiello\u0144ski w Krakowie &#8211; Psychologia Stosowana<\/li><li>Uniwersytet SWPS w Poznaniu &#8211; Seksuologia Praktyczna<\/li><li>Krakowska Fundacja Rozwoju Psychoterapii im. Profesor Marii Orwid &#8211; Kurs terapii par i ma\u0142\u017ce\u0144stw (nurt systemowy)<\/li><li>Szko\u0142a Psychoterapii Behawioralnie.pl w Katowicach (nurt kontekstualno-behawioralny)<\/li><li>Regularnie poszerzam swoj\u0105 wiedz\u0119 na szkoleniach i konferencjach w kraju i za granic\u0105.<\/li><\/ul>\t\t\t\t\t\t\t\t<\/div>\n\t\t\t\t<\/div>\n\t\t\t\t<div class=\"elementor-element elementor-element-d53b3c6 elementor-widget elementor-widget-heading\" data-id=\"d53b3c6\" data-element_type=\"widget\" data-e-type=\"widget\" data-widget_type=\"heading.default\">\n\t\t\t\t<div class=\"elementor-widget-container\">\n\t\t\t\t\t<h3 class=\"elementor-heading-title elementor-size-default\">Do\u015bwiadczenie<\/h3>\t\t\t\t<\/div>\n\t\t\t\t<\/div>\n\t\t\t\t<div class=\"elementor-element elementor-element-3bc1a00 elementor-widget elementor-widget-text-editor\" data-id=\"3bc1a00\" data-element_type=\"widget\" data-e-type=\"widget\" data-widget_type=\"text-editor.default\">\n\t\t\t\t<div class=\"elementor-widget-container\">\n\t\t\t\t\t\t\t\t\t<p>Do\u015bwiadczenie zdobywa\u0142am m.in. w Szpitalu Klinicznym im. dr. J\u00f3zefa Babi\u0144skiego w Krakowie, w prywatnych o\u015brodkach terapeutycznych, wsp\u00f3\u0142pracuj\u0105c z fundacjami, wsp\u00f3\u0142tworz\u0105c wydarzenia edukacyjne. Prowadzi\u0142am warsztaty profilaktyczne dla uczni\u00f3w szk\u00f3\u0142 podstawowych, rodzic\u00f3w i nauczycieli na terenie ca\u0142ej Ma\u0142opolski. Obecnie obok pracy gabinetowej tworz\u0119 warsztaty grupowe, prowadz\u0119 psychoedukacj\u0119 dla firm i prelekcje dot. seksualno\u015bci na wydarzeniach kulturalnych.<\/p>\t\t\t\t\t\t\t\t<\/div>\n\t\t\t\t<\/div>\n\t\t\t\t<div class=\"elementor-element elementor-element-b54276b elementor-widget elementor-widget-heading\" data-id=\"b54276b\" data-element_type=\"widget\" data-e-type=\"widget\" data-widget_type=\"heading.default\">\n\t\t\t\t<div class=\"elementor-widget-container\">\n\t\t\t\t\t<h3 class=\"elementor-heading-title elementor-size-default\">Z kim pracuj\u0119 <\/h3>\t\t\t\t<\/div>\n\t\t\t\t<\/div>\n\t\t\t\t<div class=\"elementor-element elementor-element-288c914 elementor-widget elementor-widget-text-editor\" data-id=\"288c914\" data-element_type=\"widget\" data-e-type=\"widget\" data-widget_type=\"text-editor.default\">\n\t\t\t\t<div class=\"elementor-widget-container\">\n\t\t\t\t\t\t\t\t\t<p>Pracuj\u0119 indywidualnie z doros\u0142ymi, parami oraz osobami w relacjach niemonogamicznych. Tworz\u0119 bezpieczn\u0105 przestrze\u0144 dla os\u00f3b LGBQTIA+, pracuj\u0105cych seksualnie oraz tych z mniej konwencjonalnymi preferencjami seksualnymi (fetysz\/kink, BDSM, tantra i inne).<\/p>\t\t\t\t\t\t\t\t<\/div>\n\t\t\t\t<\/div>\n\t\t\t\t<div class=\"elementor-element elementor-element-5bf2e38 elementor-widget elementor-widget-heading\" data-id=\"5bf2e38\" data-element_type=\"widget\" data-e-type=\"widget\" data-widget_type=\"heading.default\">\n\t\t\t\t<div class=\"elementor-widget-container\">\n\t\t\t\t\t<h3 class=\"elementor-heading-title elementor-size-default\">O mnie<\/h3>\t\t\t\t<\/div>\n\t\t\t\t<\/div>\n\t\t\t\t<div class=\"elementor-element elementor-element-c970077 elementor-widget elementor-widget-text-editor\" data-id=\"c970077\" data-element_type=\"widget\" data-e-type=\"widget\" data-widget_type=\"text-editor.default\">\n\t\t\t\t<div class=\"elementor-widget-container\">\n\t\t\t\t\t\t\t\t\t<p>Jestem psycholo\u017ck\u0105 i seksuolo\u017ck\u0105, w trakcie czteroletniego szkolenia z psychoterapii kontekstualno-behawioralnej (CBS). W pracy stawiam na autentyczny, empatyczny, nieoceniaj\u0105cy kontakt, oparty na zaufaniu i szacunku. Pomagam osobom do\u015bwiadczaj\u0105cym kryzys\u00f3w, trudno\u015bci emocjonalnych czy wyzwa\u0144 w relacjach, ale r\u00f3wnie\u017c tym, kt\u00f3rzy chc\u0105 \u015bwiadomie rozwija\u0107 siebie i swoje \u017cycie.<\/p><p>Wsp\u00f3lnie pracujemy nad tym, by\u015b:<\/p><ul><li>lepiej radzi\u0142_ sobie z emocjami i stresem,<\/li><li>rozwija\u0142_ satysfakcjonuj\u0105ce relacje,<\/li><li>\u015bwiadomie kierowa\u0142_ swoim \u017cyciem zgodnie z warto\u015bciami,<\/li><li>czu\u0142_ si\u0119 komfortowo i pewnie w obszarze swojej seksualno\u015bci,<\/li><li>korzysta\u0142_ z materia\u0142\u00f3w do pracy w\u0142asnej i samorozwoju, kt\u00f3re wspieraj\u0105 praktyczne zastosowanie terapii w codziennym \u017cyciu.<\/li><\/ul><p>Swoj\u0105 prac\u0119 poddaj\u0119 sta\u0142ej superwizji oraz interwizji.<\/p><p><strong>JAK PRACUJ\u0118<\/strong><\/p><ol><li>Terapia kontekstualno-behawioralna<\/li><\/ol><p>W mojej pracy \u0142\u0105cz\u0119 nowoczesne podej\u015bcie psychoterapeutyczne z trosk\u0105 o indywidualne potrzeby i warto\u015bci klienta. G\u0142\u00f3wnym filarem mojej pracy jest terapia kontekstualno-behawioralna (CBS), oparta na dowodach naukowych i badaniach psychologicznych. Wywodzi si\u0119 z terapii poznawczo-behawioralnej (CBT) \u2013 czasem nazywana jest \u201eTrzeci\u0105 Fal\u0105 CBT\u201d. CBS koncentruje si\u0119 nie tylko na tym, co my\u015blimy czy czujemy, ale przede wszystkim na tym, jak reagujemy na nasze my\u015bli i emocje. Celem terapii jest rozwijanie elastyczno\u015bci psychologicznej, czyli umiej\u0119tno\u015bci \u017cycia zgodnego z w\u0142asnymi warto\u015bciami, nawet gdy pojawiaj\u0105 si\u0119 trudne emocje, l\u0119k czy stres.<\/p><p>W praktyce oznacza to:<\/p><ul><li>nauk\u0119 akceptacji zamiast walki z emocjami,<\/li><li>rozwijanie uwa\u017cno\u015bci (mindfulness) i obecno\u015bci w tu i teraz,<\/li><li>prac\u0119 z warto\u015bciami \u017cyciowymi i kierunkiem, w kt\u00f3rym chcemy i\u015b\u0107,<\/li><li>obserwowanie my\u015bli bez oceniania i eksperymenty behawioralne w codziennym \u017cyciu.<br \/><br \/><\/li><\/ul><ol><li>Sekspozytywno\u015b\u0107 i podej\u015bcie do r\u00f3\u017cnorodno\u015bci (GSRD)<\/li><\/ol><p>W obszarze zdrowia seksualnego kieruj\u0119 si\u0119 zasadami pozytywnej seksualno\u015bci, kt\u00f3re wspieraj\u0105 afirmacj\u0119 w\u0142asnej seksualno\u015bci i r\u00f3\u017cnorodno\u015bci genderowo-relacyjnej. W terapii wa\u017cne s\u0105 dla mnie:<\/p><ul><li>\u015bwiadoma zgoda i bezpiecze\u0144stwo,<\/li><li>zdrowotne aspekty seksualno\u015bci,<\/li><li>edukacja seksualna oraz zwi\u0119kszanie satysfakcji z \u017cycia seksualnego.<\/li><\/ul><p>Nie chodzi jedynie o rozwi\u0105zywanie problem\u00f3w, ale o wspieranie os\u00f3b klienckich w \u015bwiadomym, pe\u0142nym i satysfakcjonuj\u0105cym \u017cyciu seksualnym.<\/p><ol><li>Elementy dodatkowe w pracy<\/li><\/ol><p>W swojej pracy korzystam tak\u017ce z:<\/p><ul><li>terapii systemowej, by lepiej rozumie\u0107 relacje i dynamik\u0119 w rodzinie lub zwi\u0105zkach,<\/li><li>sex coachingu, wspieraj\u0105cego rozw\u00f3j seksualny i komunikacj\u0119 w relacjach,<\/li><li>pracy z cia\u0142em, kt\u00f3ra pomaga w kontakcie ze sob\u0105, emocjami i do\u015bwiadczaniem przyjemno\u015bci.<\/li><\/ul><p>Staram si\u0119 r\u00f3wnie\u017c wspiera\u0107 rozw\u00f3j os\u00f3b klienckich poza sesjami, wysy\u0142aj\u0105c materia\u0142y do pracy w\u0142asnej i samorozwoju, kt\u00f3re pomagaj\u0105 pog\u0142\u0119bi\u0107 refleksj\u0119 i praktykowa\u0107 nowe umiej\u0119tno\u015bci w codziennym \u017cyciu.<\/p>\t\t\t\t\t\t\t\t<\/div>\n\t\t\t\t<\/div>\n\t\t\t\t<\/div>\n\t\t<div class=\"elementor-element elementor-element-0e4c893 e-con-full e-flex e-con e-child\" data-id=\"0e4c893\" data-element_type=\"container\" data-e-type=\"container\">\n\t\t<div class=\"elementor-element elementor-element-e79c204 e-grid e-con-full e-con e-child\" data-id=\"e79c204\" data-element_type=\"container\" data-e-type=\"container\">\n\t\t<div class=\"elementor-element elementor-element-82041ad e-con-full e-flex e-con e-child\" data-id=\"82041ad\" data-element_type=\"container\" data-e-type=\"container\" data-settings=\"{&quot;background_background&quot;:&quot;classic&quot;}\">\n\t\t\t\t<div class=\"elementor-element elementor-element-cf9d5f5 elementor-widget elementor-widget-heading\" data-id=\"cf9d5f5\" data-element_type=\"widget\" data-e-type=\"widget\" data-widget_type=\"heading.default\">\n\t\t\t\t<div class=\"elementor-widget-container\">\n\t\t\t\t\t<h2 class=\"elementor-heading-title elementor-size-default\">Um\u00f3w wizyt\u0119 <\/h2>\t\t\t\t<\/div>\n\t\t\t\t<\/div>\n\t\t\t\t<div class=\"elementor-element elementor-element-b05707f elementor-align-center elementor-widget elementor-widget-button\" data-id=\"b05707f\" data-element_type=\"widget\" data-e-type=\"widget\" data-widget_type=\"button.default\">\n\t\t\t\t<div class=\"elementor-widget-container\">\n\t\t\t\t\t\t\t\t\t<div class=\"elementor-button-wrapper\">\n\t\t\t\t\t<a class=\"elementor-button elementor-button-link elementor-size-sm\" href=\"tel:518479920\">\n\t\t\t\t\t\t<span class=\"elementor-button-content-wrapper\">\n\t\t\t\t\t\t\t\t\t<span class=\"elementor-button-text\">VERTE: +48 518 479 920<\/span>\n\t\t\t\t\t<\/span>\n\t\t\t\t\t<\/a>\n\t\t\t\t<\/div>\n\t\t\t\t\t\t\t\t<\/div>\n\t\t\t\t<\/div>\n\t\t\t\t<div class=\"elementor-element elementor-element-b1ae6d9 elementor-widget elementor-widget-wpforms\" data-id=\"b1ae6d9\" data-element_type=\"widget\" data-e-type=\"widget\" data-widget_type=\"wpforms.default\">\n\t\t\t\t<div class=\"elementor-widget-container\">\n\t\t\t\t\t<div class=\"wpforms-container wpforms-container-full wpforms-render-modern\" id=\"wpforms-741\"><form id=\"wpforms-form-741\" class=\"wpforms-validate wpforms-form wpforms-ajax-form\" data-formid=\"741\" method=\"post\" enctype=\"multipart\/form-data\" action=\"\/index.php\/wp-json\/wp\/v2\/pages\/1003\" data-token=\"89a5232385481b47b1a0d2c1345f097d\" data-token-time=\"1779001781\"><noscript class=\"wpforms-error-noscript\">Aby wype\u0142ni\u0107 ten formularz, w\u0142\u0105cz obs\u0142ug\u0119 JavaScript w przegl\u0105darce.<\/noscript><div id=\"wpforms-error-noscript\" style=\"display: none;\">Aby wype\u0142ni\u0107 ten formularz, w\u0142\u0105cz obs\u0142ug\u0119 JavaScript w przegl\u0105darce.<\/div><div class=\"wpforms-field-container\">\t\t<div id=\"wpforms-741-field_5-container\"\n\t\t\tclass=\"wpforms-field wpforms-field-text\"\n\t\t\tdata-field-type=\"text\"\n\t\t\tdata-field-id=\"5\"\n\t\t\t>\n\t\t\t<label class=\"wpforms-field-label\" for=\"wpforms-741-field_5\" >e-mail  <\/label>\n\t\t\t<input type=\"text\" id=\"wpforms-741-field_5\" class=\"wpforms-field-medium\" name=\"wpforms[fields][5]\" >\n\t\t<\/div>\n\t\t<div id=\"wpforms-741-field_1-container\" class=\"wpforms-field wpforms-field-name\" data-field-id=\"1\"><label class=\"wpforms-field-label\" for=\"wpforms-741-field_1\">  Imi\u0119  <span class=\"wpforms-required-label\" aria-hidden=\"true\">*<\/span><\/label><input type=\"text\" id=\"wpforms-741-field_1\" class=\"wpforms-field-large wpforms-field-required\" name=\"wpforms[fields][1]\" aria-errormessage=\"wpforms-741-field_1-error\" required><\/div><div id=\"wpforms-741-field_2-container\" class=\"wpforms-field wpforms-field-email\" data-field-id=\"2\"><label class=\"wpforms-field-label\" for=\"wpforms-741-field_2\">  Adres e-mail  <span class=\"wpforms-required-label\" aria-hidden=\"true\">*<\/span><\/label><input type=\"email\" id=\"wpforms-741-field_2\" class=\"wpforms-field-large wpforms-field-required\" name=\"wpforms[fields][2]\" spellcheck=\"false\" aria-errormessage=\"wpforms-741-field_2-error\" required><\/div><div id=\"wpforms-741-field_6-container\" class=\"wpforms-field wpforms-field-text\" data-field-id=\"6\"><label class=\"wpforms-field-label\" for=\"wpforms-741-field_6\">Numer telefonu  <span class=\"wpforms-required-label\" aria-hidden=\"true\">*<\/span><\/label><input type=\"text\" id=\"wpforms-741-field_6\" class=\"wpforms-field-medium wpforms-field-required\" name=\"wpforms[fields][6]\" aria-errormessage=\"wpforms-741-field_6-error\" required><\/div><div id=\"wpforms-741-field_3-container\" class=\"wpforms-field wpforms-field-textarea\" data-field-id=\"3\"><label class=\"wpforms-field-label\" for=\"wpforms-741-field_3\">  Wska\u017c specjalist\u0119 w celu um\u00f3wienia wizyty lub kr\u00f3tko opisz trudno\u015b\u0107, z kt\u00f3r\u0105 si\u0119 zg\u0142aszasz.<\/label><textarea id=\"wpforms-741-field_3\" class=\"wpforms-field-medium\" name=\"wpforms[fields][3]\" aria-errormessage=\"wpforms-741-field_3-error\" ><\/textarea><\/div><div id=\"wpforms-741-field_4-container\" class=\"wpforms-field wpforms-field-checkbox\" data-field-id=\"4\"><fieldset><legend class=\"wpforms-field-label\"><\/legend><ul id=\"wpforms-741-field_4\"><li class=\"choice-1 depth-1 wpforms-selected\"><input type=\"checkbox\" id=\"wpforms-741-field_4_1\" name=\"wpforms[fields][4][]\" value=\"Zapozna\u0142am\/em si\u0119 z &lt;a href=&quot;https:\/\/vertecentrum.pl\/index.php\/kontakt\/polityka-prywatnosci\/&quot;&gt;\u201epolityk\u0105 prywatno\u015bci\u201d.&lt;\/a&gt;\" aria-errormessage=\"wpforms-741-field_4_1-error\"   checked='checked'><label class=\"wpforms-field-label-inline\" for=\"wpforms-741-field_4_1\">Zapozna\u0142am\/em si\u0119 z <a href=\"https:\/\/vertecentrum.pl\/index.php\/kontakt\/polityka-prywatnosci\/\">\u201epolityk\u0105 prywatno\u015bci\u201d.<\/a><\/label><\/li><\/ul><\/fieldset><\/div><script>\n\t\t\t\t( function() {\n\t\t\t\t\tconst style = document.createElement( 'style' );\n\t\t\t\t\tstyle.appendChild( document.createTextNode( '#wpforms-741-field_5-container { position: absolute !important; overflow: hidden !important; display: inline !important; height: 1px !important; width: 1px !important; z-index: -1000 !important; padding: 0 !important; } #wpforms-741-field_5-container input { visibility: hidden; } #wpforms-conversational-form-page #wpforms-741-field_5-container label { counter-increment: none; }' ) );\n\t\t\t\t\tdocument.head.appendChild( style );\n\t\t\t\t\tdocument.currentScript?.remove();\n\t\t\t\t} )();\n\t\t\t<\/script><\/div><!-- .wpforms-field-container --><div class=\"wpforms-submit-container\" ><input type=\"hidden\" name=\"wpforms[id]\" value=\"741\"><input type=\"hidden\" name=\"page_title\" value=\"\"><input type=\"hidden\" name=\"page_url\" value=\"https:\/\/vertecentrum.pl\/index.php\/wp-json\/wp\/v2\/pages\/1003\"><input type=\"hidden\" name=\"url_referer\" value=\"\"><button type=\"submit\" name=\"wpforms[submit]\" id=\"wpforms-submit-741\" class=\"wpforms-submit\" data-alt-text=\"Wysy\u0142anie...\" data-submit-text=\"Um\u00f3w wizyt\u0119 \" aria-live=\"assertive\" value=\"wpforms-submit\">Um\u00f3w wizyt\u0119 <\/button><img decoding=\"async\" src=\"https:\/\/vertecentrum.pl\/wp-content\/plugins\/wpforms-lite\/assets\/images\/submit-spin.svg\" class=\"wpforms-submit-spinner\" style=\"display: none;\" width=\"26\" height=\"26\" alt=\"Wczytywanie\"><\/div><\/form><\/div>  <!-- .wpforms-container -->\t\t\t\t<\/div>\n\t\t\t\t<\/div>\n\t\t\t\t<\/div>\n\t\t\t\t<div class=\"elementor-element elementor-element-59678bc elementor-widget elementor-widget-html\" data-id=\"59678bc\" data-element_type=\"widget\" data-e-type=\"widget\" data-widget_type=\"html.default\">\n\t\t\t\t<div class=\"elementor-widget-container\">\n\t\t\t\t\t<a id=\"zl-url\" class=\"zl-url\" href=\"https:\/\/www.znanylekarz.pl\/magdalena-trzeciecka\/psycholog-seksuolog\/krakow\" rel=\"nofollow\" data-zlw-doctor=\"magdalena-trzeciecka\" data-zlw-type=\"big_with_calendar\" data-zlw-opinion=\"false\" data-zlw-hide-branding=\"true\" data-zlw-saas-only=\"false\">Magdalena Trzeciecka - ZnanyLekarz.pl<\/a><script>!function($_x,_s,id){var js,fjs=$_x.getElementsByTagName(_s)[0];if(!$_x.getElementById(id)){js = $_x.createElement(_s);js.id = id;js.src = \"\/\/platform.docplanner.com\/js\/widget.js\";fjs.parentNode.insertBefore(js,fjs);}}(document,\"script\",\"zl-widget-s\");<\/script>\t\t\t\t<\/div>\n\t\t\t\t<\/div>\n\t\t\t\t<\/div>\n\t\t\t\t<\/div>\n\t\t\t\t\t<\/div>\n\t\t\t\t<\/div>\n\t\t\t\t<\/div>\n\t\t","protected":false},"excerpt":{"rendered":"<p>mgr Magdalena Trzeciecka mgr Magdalena Trzeciecka PSYCHOLO\u017bKASEKSUOLO\u017bKATERAPEUTKA PAR Wykszta\u0142cenie Uniwersytet Jagiello\u0144ski w Krakowie &#8211; Psychologia Stosowana Uniwersytet SWPS w Poznaniu &#8211; Seksuologia Praktyczna Krakowska Fundacja Rozwoju Psychoterapii im. Profesor Marii Orwid &#8211; Kurs terapii par i ma\u0142\u017ce\u0144stw (nurt systemowy) Szko\u0142a Psychoterapii Behawioralnie.pl w Katowicach (nurt kontekstualno-behawioralny) Regularnie poszerzam swoj\u0105 wiedz\u0119 na szkoleniach i konferencjach w&hellip;&nbsp;<a href=\"https:\/\/vertecentrum.pl\/index.php\/z-magdalena-trzeciecka\/\" rel=\"bookmark\">Dowiedz si\u0119 wi\u0119cej &raquo;<span class=\"screen-reader-text\">Z Magdalena Trzeciecka<\/span><\/a><\/p>\n","protected":false},"author":1,"featured_media":0,"parent":0,"menu_order":0,"comment_status":"closed","ping_status":"closed","template":"","meta":{"neve_meta_sidebar":"","neve_meta_container":"","neve_meta_enable_content_width":"","neve_meta_content_width":0,"neve_meta_title_alignment":"","neve_meta_author_avatar":"","neve_post_elements_order":"","neve_meta_disable_header":"","neve_meta_disable_footer":"","neve_meta_disable_title":"","_themeisle_gutenberg_block_has_review":false,"footnotes":""},"class_list":["post-1003","page","type-page","status-publish","hentry"],"_links":{"self":[{"href":"https:\/\/vertecentrum.pl\/index.php\/wp-json\/wp\/v2\/pages\/1003","targetHints":{"allow":["GET"]}}],"collection":[{"href":"https:\/\/vertecentrum.pl\/index.php\/wp-json\/wp\/v2\/pages"}],"about":[{"href":"https:\/\/vertecentrum.pl\/index.php\/wp-json\/wp\/v2\/types\/page"}],"author":[{"embeddable":true,"href":"https:\/\/vertecentrum.pl\/index.php\/wp-json\/wp\/v2\/users\/1"}],"replies":[{"embeddable":true,"href":"https:\/\/vertecentrum.pl\/index.php\/wp-json\/wp\/v2\/comments?post=1003"}],"version-history":[{"count":10,"href":"https:\/\/vertecentrum.pl\/index.php\/wp-json\/wp\/v2\/pages\/1003\/revisions"}],"predecessor-version":[{"id":1703,"href":"https:\/\/vertecentrum.pl\/index.php\/wp-json\/wp\/v2\/pages\/1003\/revisions\/1703"}],"wp:attachment":[{"href":"https:\/\/vertecentrum.pl\/index.php\/wp-json\/wp\/v2\/media?parent=1003"}],"curies":[{"name":"wp","href":"https:\/\/api.w.org\/{rel}","templated":true}]}}