{"id":1051,"date":"2024-11-24T13:12:52","date_gmt":"2024-11-24T12:12:52","guid":{"rendered":"https:\/\/vertecentrum.pl\/?page_id=1051"},"modified":"2025-09-25T20:44:41","modified_gmt":"2025-09-25T18:44:41","slug":"z-aleksandra-mikula","status":"publish","type":"page","link":"https:\/\/vertecentrum.pl\/index.php\/z-aleksandra-mikula\/","title":{"rendered":"Z Aleksandra Miku\u0142a"},"content":{"rendered":"\t\t<div data-elementor-type=\"wp-page\" data-elementor-id=\"1051\" class=\"elementor elementor-1051\" data-elementor-post-type=\"page\">\n\t\t\t\t<div class=\"elementor-element elementor-element-60549b0 e-flex e-con-boxed e-con e-parent\" data-id=\"60549b0\" data-element_type=\"container\" data-e-type=\"container\">\n\t\t\t\t\t<div class=\"e-con-inner\">\n\t\t<div class=\"elementor-element elementor-element-3edbf05 e-con-full e-flex e-con e-child\" data-id=\"3edbf05\" data-element_type=\"container\" data-e-type=\"container\">\n\t\t\t\t<div class=\"elementor-element elementor-element-7f48144 elementor-widget elementor-widget-heading\" data-id=\"7f48144\" data-element_type=\"widget\" data-e-type=\"widget\" data-widget_type=\"heading.default\">\n\t\t\t\t<div class=\"elementor-widget-container\">\n\t\t\t\t\t<h1 class=\"elementor-heading-title elementor-size-default\">mgr Aleksandra Miku\u0142a<\/h1>\t\t\t\t<\/div>\n\t\t\t\t<\/div>\n\t\t\t\t<\/div>\n\t\t<div class=\"elementor-element elementor-element-250226c e-con-full e-flex e-con e-child\" data-id=\"250226c\" data-element_type=\"container\" data-e-type=\"container\" data-settings=\"{&quot;background_background&quot;:&quot;classic&quot;}\">\n\t\t<div class=\"elementor-element elementor-element-1470409 e-grid e-con-full e-con e-child\" data-id=\"1470409\" data-element_type=\"container\" data-e-type=\"container\">\n\t\t<div class=\"elementor-element elementor-element-f885319 e-con-full e-flex e-con e-child\" data-id=\"f885319\" data-element_type=\"container\" data-e-type=\"container\">\n\t\t\t\t<div class=\"elementor-element elementor-element-1748a3f elementor-widget elementor-widget-image\" data-id=\"1748a3f\" data-element_type=\"widget\" data-e-type=\"widget\" data-widget_type=\"image.default\">\n\t\t\t\t<div class=\"elementor-widget-container\">\n\t\t\t\t\t\t\t\t\t\t\t\t\t\t\t<img fetchpriority=\"high\" decoding=\"async\" width=\"300\" height=\"300\" src=\"https:\/\/vertecentrum.pl\/wp-content\/uploads\/2025\/09\/olamikula-e1758810870771-300x300.jpg\" class=\"attachment-medium size-medium wp-image-1642\" alt=\"\" srcset=\"https:\/\/vertecentrum.pl\/wp-content\/uploads\/2025\/09\/olamikula-e1758810870771-300x300.jpg 300w, https:\/\/vertecentrum.pl\/wp-content\/uploads\/2025\/09\/olamikula-e1758810870771-1024x1024.jpg 1024w, https:\/\/vertecentrum.pl\/wp-content\/uploads\/2025\/09\/olamikula-e1758810870771-150x150.jpg 150w, https:\/\/vertecentrum.pl\/wp-content\/uploads\/2025\/09\/olamikula-e1758810870771-768x768.jpg 768w, https:\/\/vertecentrum.pl\/wp-content\/uploads\/2025\/09\/olamikula-e1758810870771.jpg 1365w\" sizes=\"(max-width: 300px) 100vw, 300px\" \/>\t\t\t\t\t\t\t\t\t\t\t\t\t\t\t<\/div>\n\t\t\t\t<\/div>\n\t\t\t\t<\/div>\n\t\t<div class=\"elementor-element elementor-element-06abfbd e-con-full e-flex e-con e-child\" data-id=\"06abfbd\" data-element_type=\"container\" data-e-type=\"container\">\n\t\t\t\t<div class=\"elementor-element elementor-element-0434202 elementor-widget elementor-widget-heading\" data-id=\"0434202\" data-element_type=\"widget\" data-e-type=\"widget\" data-widget_type=\"heading.default\">\n\t\t\t\t<div class=\"elementor-widget-container\">\n\t\t\t\t\t<h2 class=\"elementor-heading-title elementor-size-default\">mgr Aleksandra Miku\u0142a<\/h2>\t\t\t\t<\/div>\n\t\t\t\t<\/div>\n\t\t\t\t<div class=\"elementor-element elementor-element-fe049df elementor-widget elementor-widget-text-editor\" data-id=\"fe049df\" data-element_type=\"widget\" data-e-type=\"widget\" data-widget_type=\"text-editor.default\">\n\t\t\t\t<div class=\"elementor-widget-container\">\n\t\t\t\t\t\t\t\t\t<h3>PSYCHOLOG<br \/>PSYCHOLOG DZIECI I M\u0141ODZIE\u017bY<\/h3>\t\t\t\t\t\t\t\t<\/div>\n\t\t\t\t<\/div>\n\t\t\t\t<\/div>\n\t\t\t\t<\/div>\n\t\t\t\t<\/div>\n\t\t<div class=\"elementor-element elementor-element-286ed9a e-con-full e-flex e-con e-child\" data-id=\"286ed9a\" data-element_type=\"container\" data-e-type=\"container\">\n\t\t\t\t<div class=\"elementor-element elementor-element-a20d72e elementor-widget elementor-widget-heading\" data-id=\"a20d72e\" data-element_type=\"widget\" data-e-type=\"widget\" data-widget_type=\"heading.default\">\n\t\t\t\t<div class=\"elementor-widget-container\">\n\t\t\t\t\t<h3 class=\"elementor-heading-title elementor-size-default\">Wykszta\u0142cenie <\/h3>\t\t\t\t<\/div>\n\t\t\t\t<\/div>\n\t\t\t\t<div class=\"elementor-element elementor-element-4375119 elementor-widget elementor-widget-text-editor\" data-id=\"4375119\" data-element_type=\"widget\" data-e-type=\"widget\" data-widget_type=\"text-editor.default\">\n\t\t\t\t<div class=\"elementor-widget-container\">\n\t\t\t\t\t\t\t\t\t<p>Absolwentka Psychologii og\u00f3lnej ze specjalno\u015bci\u0105 kliniczn\u0105 na Uniwersytecie Pedagogicznym w Krakowie, studi\u00f3w podyplomowych z przygotowania pedagogicznego dla psycholog\u00f3w oraz Kursu Psychoterapii Dzieci i M\u0142odzie\u017cy prowadzonym przez O\u015brodek Psychoterapii Poznawczo-Behawioralnej MENSANA w Krakowie.<\/p><p>Dodatkowe wykszta\u0142cenie zdoby\u0142am bior\u0105c udzia\u0142 w szkoleniach: \u201eKiedy dziecko nie chce \u017cy\u0107 &#8211; o depresji, my\u015blach rezygnacyjnych i samob\u00f3jczych u dziecka i nastolatka\u201d; \u201eDziecko wobec \u015bmierci i \u017ca\u0142oby\u201d; \u201eInterwencja kryzysowa &#8211; jak pracowa\u0107 z osob\u0105, kt\u00f3r\u0105 dotkn\u0119\u0142a nag\u0142a tragedia?\u201d; \u201eRozpoznawanie, nazywanie i regulacja emocji\u201d; \u201ePorozumienie bez przemocy, empatyczna komunikacja, czyli bajki wspieraj\u0105ce rozw\u00f3j komunikacji z dzieckiem, opartej na empatii\u201d; \u201eRelaks dla najm\u0142odszych &#8211; techniki relaksacyjne w pracy z dzie\u0107mi\u201d; \u201eTerapia dziecka z zaparciami i moczeniem\u201d.<\/p>\t\t\t\t\t\t\t\t<\/div>\n\t\t\t\t<\/div>\n\t\t\t\t<div class=\"elementor-element elementor-element-f30de62 elementor-widget elementor-widget-heading\" data-id=\"f30de62\" data-element_type=\"widget\" data-e-type=\"widget\" data-widget_type=\"heading.default\">\n\t\t\t\t<div class=\"elementor-widget-container\">\n\t\t\t\t\t<h3 class=\"elementor-heading-title elementor-size-default\">Do\u015bwiadczenie<\/h3>\t\t\t\t<\/div>\n\t\t\t\t<\/div>\n\t\t\t\t<div class=\"elementor-element elementor-element-d9b234d elementor-widget elementor-widget-text-editor\" data-id=\"d9b234d\" data-element_type=\"widget\" data-e-type=\"widget\" data-widget_type=\"text-editor.default\">\n\t\t\t\t<div class=\"elementor-widget-container\">\n\t\t\t\t\t\t\t\t\t<p>Do\u015bwiadczenie zdoby\u0142am mi\u0119dzy innymi w Wojew\u00f3dzkim Szpitalu Psychiatrycznym w Andrychowie, Niepublicznej Poradni Psychologiczno-Pedagogicznej czy Przedszkolu Specjalnym dla dzieci w spektrum autyzmu w Wadowicach. Pracuj\u0119 z dzie\u0107mi i m\u0142odzie\u017c\u0105 od wielu lat jako instruktorka harcerska. Jestem tak\u017ce cz\u0142onkini\u0105 wojew\u00f3dzkiego Zespo\u0142u ds. Wsparcia Psychologicznego.<\/p><p>Ka\u017cdego dnia zdobywam do\u015bwiadczenie w pracy psychologicznej pracuj\u0105c z dzie\u0107mi i ich rodzicami w przedszkolu i szkole podstawowej, gdzie wsp\u00f3\u0142pracuj\u0119 z gronem pedagogicznym, prowadz\u0119 wsparcie indywidualne, zaj\u0119cia grupowe oraz konsultacje z rodzicami.<br \/>Swoj\u0105 prac\u0119 wspieram tak\u017ce udzia\u0142em w konferencjach; w tym roku wzi\u0119\u0142am udzia\u0142 w Og\u00f3lnopolskiej Konferencji \u201ePo\u0142\u0105czeni Profilaktyk\u0105\u201d oraz w 18. Mie\u0328dzynarodowej Konferencji \u201eBezpieczen\u0301stwo dzieci i m\u0142odziez\u0307y w internecie\u201d.<br \/>\u00a0<\/p>\t\t\t\t\t\t\t\t<\/div>\n\t\t\t\t<\/div>\n\t\t\t\t<div class=\"elementor-element elementor-element-3d40482 elementor-widget elementor-widget-heading\" data-id=\"3d40482\" data-element_type=\"widget\" data-e-type=\"widget\" data-widget_type=\"heading.default\">\n\t\t\t\t<div class=\"elementor-widget-container\">\n\t\t\t\t\t<h3 class=\"elementor-heading-title elementor-size-default\">Z kim pracuj\u0119 <\/h3>\t\t\t\t<\/div>\n\t\t\t\t<\/div>\n\t\t\t\t<div class=\"elementor-element elementor-element-0ed831d elementor-widget elementor-widget-text-editor\" data-id=\"0ed831d\" data-element_type=\"widget\" data-e-type=\"widget\" data-widget_type=\"text-editor.default\">\n\t\t\t\t<div class=\"elementor-widget-container\">\n\t\t\t\t\t\t\t\t\t<p>Specjalizuj\u0119 si\u0119 w pracy z dzie\u0107mi i m\u0142odzie\u017c\u0105 do 18. roku \u017cycia. Zapraszam do wsp\u00f3\u0142pracy rodzic\u00f3w lub opiekun\u00f3w, by m\u00f3c jak najlepiej wesprze\u0107 swoje dziecko.<\/p>\t\t\t\t\t\t\t\t<\/div>\n\t\t\t\t<\/div>\n\t\t\t\t<div class=\"elementor-element elementor-element-c6d69be elementor-widget elementor-widget-heading\" data-id=\"c6d69be\" data-element_type=\"widget\" data-e-type=\"widget\" data-widget_type=\"heading.default\">\n\t\t\t\t<div class=\"elementor-widget-container\">\n\t\t\t\t\t<h3 class=\"elementor-heading-title elementor-size-default\">O mnie<\/h3>\t\t\t\t<\/div>\n\t\t\t\t<\/div>\n\t\t\t\t<div class=\"elementor-element elementor-element-31a31bf elementor-widget elementor-widget-text-editor\" data-id=\"31a31bf\" data-element_type=\"widget\" data-e-type=\"widget\" data-widget_type=\"text-editor.default\">\n\t\t\t\t<div class=\"elementor-widget-container\">\n\t\t\t\t\t\t\t\t\t<p>Najwa\u017cniejsza w pracy jest dla mnie relacja zbudowana w oparciu o poczucie bezpiecze\u0144stwa i zrozumienia. Dbam o to, by tworzy\u0107 przestrze\u0144 na rozw\u00f3j i pokonanie trudno\u015bci, z kt\u00f3rymi zmagaj\u0105 si\u0119 dzieci, m\u0142odzie\u017c i ich rodzice.<\/p>\t\t\t\t\t\t\t\t<\/div>\n\t\t\t\t<\/div>\n\t\t\t\t<\/div>\n\t\t<div class=\"elementor-element elementor-element-67785d2 e-con-full e-flex e-con e-child\" data-id=\"67785d2\" data-element_type=\"container\" data-e-type=\"container\">\n\t\t<div class=\"elementor-element elementor-element-084efcb e-grid e-con-full e-con e-child\" data-id=\"084efcb\" data-element_type=\"container\" data-e-type=\"container\">\n\t\t<div class=\"elementor-element elementor-element-e16fbf1 e-con-full e-flex e-con e-child\" data-id=\"e16fbf1\" data-element_type=\"container\" data-e-type=\"container\" data-settings=\"{&quot;background_background&quot;:&quot;classic&quot;}\">\n\t\t\t\t<div class=\"elementor-element elementor-element-b6093ab elementor-widget elementor-widget-heading\" data-id=\"b6093ab\" data-element_type=\"widget\" data-e-type=\"widget\" data-widget_type=\"heading.default\">\n\t\t\t\t<div class=\"elementor-widget-container\">\n\t\t\t\t\t<h2 class=\"elementor-heading-title elementor-size-default\">Um\u00f3w wizyt\u0119 <\/h2>\t\t\t\t<\/div>\n\t\t\t\t<\/div>\n\t\t\t\t<div class=\"elementor-element elementor-element-3392e2c elementor-align-center elementor-widget elementor-widget-button\" data-id=\"3392e2c\" data-element_type=\"widget\" data-e-type=\"widget\" data-widget_type=\"button.default\">\n\t\t\t\t<div class=\"elementor-widget-container\">\n\t\t\t\t\t\t\t\t\t<div class=\"elementor-button-wrapper\">\n\t\t\t\t\t<a class=\"elementor-button elementor-button-link elementor-size-sm\" href=\"tel:518479920\">\n\t\t\t\t\t\t<span class=\"elementor-button-content-wrapper\">\n\t\t\t\t\t\t\t\t\t<span class=\"elementor-button-text\">VERTE: +48 518 479 920<\/span>\n\t\t\t\t\t<\/span>\n\t\t\t\t\t<\/a>\n\t\t\t\t<\/div>\n\t\t\t\t\t\t\t\t<\/div>\n\t\t\t\t<\/div>\n\t\t\t\t<div class=\"elementor-element elementor-element-8eb5aee elementor-widget elementor-widget-wpforms\" data-id=\"8eb5aee\" data-element_type=\"widget\" data-e-type=\"widget\" data-widget_type=\"wpforms.default\">\n\t\t\t\t<div class=\"elementor-widget-container\">\n\t\t\t\t\t<div class=\"wpforms-container wpforms-container-full wpforms-render-modern\" id=\"wpforms-741\"><form id=\"wpforms-form-741\" class=\"wpforms-validate wpforms-form wpforms-ajax-form\" data-formid=\"741\" method=\"post\" enctype=\"multipart\/form-data\" action=\"\/index.php\/wp-json\/wp\/v2\/pages\/1051\" data-token=\"371623c92120c7ca9b551ea9e1fa2980\" data-token-time=\"1776866798\"><noscript class=\"wpforms-error-noscript\">Aby wype\u0142ni\u0107 ten formularz, w\u0142\u0105cz obs\u0142ug\u0119 JavaScript w przegl\u0105darce.<\/noscript><div id=\"wpforms-error-noscript\" style=\"display: none;\">Aby wype\u0142ni\u0107 ten formularz, w\u0142\u0105cz obs\u0142ug\u0119 JavaScript w przegl\u0105darce.<\/div><div class=\"wpforms-field-container\"><div id=\"wpforms-741-field_1-container\" class=\"wpforms-field wpforms-field-name\" data-field-id=\"1\"><label class=\"wpforms-field-label\" for=\"wpforms-741-field_1\">  Imi\u0119  <span class=\"wpforms-required-label\" aria-hidden=\"true\">*<\/span><\/label><input type=\"text\" id=\"wpforms-741-field_1\" class=\"wpforms-field-large wpforms-field-required\" name=\"wpforms[fields][1]\" aria-errormessage=\"wpforms-741-field_1-error\" required><\/div><div id=\"wpforms-741-field_2-container\" class=\"wpforms-field wpforms-field-email\" data-field-id=\"2\"><label class=\"wpforms-field-label\" for=\"wpforms-741-field_2\">  Adres e-mail  <span class=\"wpforms-required-label\" aria-hidden=\"true\">*<\/span><\/label><input type=\"email\" id=\"wpforms-741-field_2\" class=\"wpforms-field-large wpforms-field-required\" name=\"wpforms[fields][2]\" spellcheck=\"false\" aria-errormessage=\"wpforms-741-field_2-error\" required><\/div>\t\t<div id=\"wpforms-741-field_5-container\"\n\t\t\tclass=\"wpforms-field wpforms-field-text\"\n\t\t\tdata-field-type=\"text\"\n\t\t\tdata-field-id=\"5\"\n\t\t\t>\n\t\t\t<label class=\"wpforms-field-label\" for=\"wpforms-741-field_5\" >kr\u00f3tko  <\/label>\n\t\t\t<input type=\"text\" id=\"wpforms-741-field_5\" class=\"wpforms-field-medium\" name=\"wpforms[fields][5]\" >\n\t\t<\/div>\n\t\t<div id=\"wpforms-741-field_6-container\" class=\"wpforms-field wpforms-field-text\" data-field-id=\"6\"><label class=\"wpforms-field-label\" for=\"wpforms-741-field_6\">Numer telefonu  <span class=\"wpforms-required-label\" aria-hidden=\"true\">*<\/span><\/label><input type=\"text\" id=\"wpforms-741-field_6\" class=\"wpforms-field-medium wpforms-field-required\" name=\"wpforms[fields][6]\" aria-errormessage=\"wpforms-741-field_6-error\" required><\/div><div id=\"wpforms-741-field_3-container\" class=\"wpforms-field wpforms-field-textarea\" data-field-id=\"3\"><label class=\"wpforms-field-label\" for=\"wpforms-741-field_3\">  Wska\u017c specjalist\u0119 w celu um\u00f3wienia wizyty lub kr\u00f3tko opisz trudno\u015b\u0107, z kt\u00f3r\u0105 si\u0119 zg\u0142aszasz.<\/label><textarea id=\"wpforms-741-field_3\" class=\"wpforms-field-medium\" name=\"wpforms[fields][3]\" aria-errormessage=\"wpforms-741-field_3-error\" ><\/textarea><\/div><div id=\"wpforms-741-field_4-container\" class=\"wpforms-field wpforms-field-checkbox\" data-field-id=\"4\"><fieldset><legend class=\"wpforms-field-label\"><\/legend><ul id=\"wpforms-741-field_4\"><li class=\"choice-1 depth-1 wpforms-selected\"><input type=\"checkbox\" id=\"wpforms-741-field_4_1\" name=\"wpforms[fields][4][]\" value=\"Zapozna\u0142am\/em si\u0119 z &lt;a href=&quot;https:\/\/vertecentrum.pl\/index.php\/kontakt\/polityka-prywatnosci\/&quot;&gt;\u201epolityk\u0105 prywatno\u015bci\u201d.&lt;\/a&gt;\" aria-errormessage=\"wpforms-741-field_4_1-error\"   checked='checked'><label class=\"wpforms-field-label-inline\" for=\"wpforms-741-field_4_1\">Zapozna\u0142am\/em si\u0119 z <a href=\"https:\/\/vertecentrum.pl\/index.php\/kontakt\/polityka-prywatnosci\/\">\u201epolityk\u0105 prywatno\u015bci\u201d.<\/a><\/label><\/li><\/ul><\/fieldset><\/div><script>\n\t\t\t\t( function() {\n\t\t\t\t\tconst style = document.createElement( 'style' );\n\t\t\t\t\tstyle.appendChild( document.createTextNode( '#wpforms-741-field_5-container { position: absolute !important; overflow: hidden !important; display: inline !important; height: 1px !important; width: 1px !important; z-index: -1000 !important; padding: 0 !important; } #wpforms-741-field_5-container input { visibility: hidden; } #wpforms-conversational-form-page #wpforms-741-field_5-container label { counter-increment: none; }' ) );\n\t\t\t\t\tdocument.head.appendChild( style );\n\t\t\t\t\tdocument.currentScript?.remove();\n\t\t\t\t} )();\n\t\t\t<\/script><\/div><!-- .wpforms-field-container --><div class=\"wpforms-submit-container\" ><input type=\"hidden\" name=\"wpforms[id]\" value=\"741\"><input type=\"hidden\" name=\"page_title\" value=\"\"><input type=\"hidden\" name=\"page_url\" value=\"https:\/\/vertecentrum.pl\/index.php\/wp-json\/wp\/v2\/pages\/1051\"><input type=\"hidden\" name=\"url_referer\" value=\"\"><button type=\"submit\" name=\"wpforms[submit]\" id=\"wpforms-submit-741\" class=\"wpforms-submit\" data-alt-text=\"Wysy\u0142anie...\" data-submit-text=\"Um\u00f3w wizyt\u0119 \" aria-live=\"assertive\" value=\"wpforms-submit\">Um\u00f3w wizyt\u0119 <\/button><img decoding=\"async\" src=\"https:\/\/vertecentrum.pl\/wp-content\/plugins\/wpforms-lite\/assets\/images\/submit-spin.svg\" class=\"wpforms-submit-spinner\" style=\"display: none;\" width=\"26\" height=\"26\" alt=\"Wczytywanie\"><\/div><\/form><\/div>  <!-- .wpforms-container -->\t\t\t\t<\/div>\n\t\t\t\t<\/div>\n\t\t\t\t<\/div>\n\t\t\t\t<\/div>\n\t\t\t\t<\/div>\n\t\t\t\t\t<\/div>\n\t\t\t\t<\/div>\n\t\t\t\t<\/div>\n\t\t","protected":false},"excerpt":{"rendered":"<p>mgr Aleksandra Miku\u0142a mgr Aleksandra Miku\u0142a PSYCHOLOGPSYCHOLOG DZIECI I M\u0141ODZIE\u017bY Wykszta\u0142cenie Absolwentka Psychologii og\u00f3lnej ze specjalno\u015bci\u0105 kliniczn\u0105 na Uniwersytecie Pedagogicznym w Krakowie, studi\u00f3w podyplomowych z przygotowania pedagogicznego dla psycholog\u00f3w oraz Kursu Psychoterapii Dzieci i M\u0142odzie\u017cy prowadzonym przez O\u015brodek Psychoterapii Poznawczo-Behawioralnej MENSANA w Krakowie. Dodatkowe wykszta\u0142cenie zdoby\u0142am bior\u0105c udzia\u0142 w szkoleniach: \u201eKiedy dziecko nie chce \u017cy\u0107&hellip;&nbsp;<a href=\"https:\/\/vertecentrum.pl\/index.php\/z-aleksandra-mikula\/\" rel=\"bookmark\">Dowiedz si\u0119 wi\u0119cej &raquo;<span class=\"screen-reader-text\">Z Aleksandra Miku\u0142a<\/span><\/a><\/p>\n","protected":false},"author":1,"featured_media":0,"parent":0,"menu_order":0,"comment_status":"closed","ping_status":"closed","template":"","meta":{"neve_meta_sidebar":"","neve_meta_container":"","neve_meta_enable_content_width":"","neve_meta_content_width":0,"neve_meta_title_alignment":"","neve_meta_author_avatar":"","neve_post_elements_order":"","neve_meta_disable_header":"","neve_meta_disable_footer":"","neve_meta_disable_title":"","_themeisle_gutenberg_block_has_review":false,"footnotes":""},"class_list":["post-1051","page","type-page","status-publish","hentry"],"_links":{"self":[{"href":"https:\/\/vertecentrum.pl\/index.php\/wp-json\/wp\/v2\/pages\/1051","targetHints":{"allow":["GET"]}}],"collection":[{"href":"https:\/\/vertecentrum.pl\/index.php\/wp-json\/wp\/v2\/pages"}],"about":[{"href":"https:\/\/vertecentrum.pl\/index.php\/wp-json\/wp\/v2\/types\/page"}],"author":[{"embeddable":true,"href":"https:\/\/vertecentrum.pl\/index.php\/wp-json\/wp\/v2\/users\/1"}],"replies":[{"embeddable":true,"href":"https:\/\/vertecentrum.pl\/index.php\/wp-json\/wp\/v2\/comments?post=1051"}],"version-history":[{"count":13,"href":"https:\/\/vertecentrum.pl\/index.php\/wp-json\/wp\/v2\/pages\/1051\/revisions"}],"predecessor-version":[{"id":1645,"href":"https:\/\/vertecentrum.pl\/index.php\/wp-json\/wp\/v2\/pages\/1051\/revisions\/1645"}],"wp:attachment":[{"href":"https:\/\/vertecentrum.pl\/index.php\/wp-json\/wp\/v2\/media?parent=1051"}],"curies":[{"name":"wp","href":"https:\/\/api.w.org\/{rel}","templated":true}]}}