{"id":1467,"date":"2025-09-01T07:27:29","date_gmt":"2025-09-01T05:27:29","guid":{"rendered":"https:\/\/vertecentrum.pl\/?page_id=1467"},"modified":"2025-09-12T18:27:33","modified_gmt":"2025-09-12T16:27:33","slug":"z-grzegorz-lupak","status":"publish","type":"page","link":"https:\/\/vertecentrum.pl\/index.php\/z-grzegorz-lupak\/","title":{"rendered":"Z Grzegorz \u0141upak"},"content":{"rendered":"\t\t<div data-elementor-type=\"wp-page\" data-elementor-id=\"1467\" class=\"elementor elementor-1467\" data-elementor-post-type=\"page\">\n\t\t\t\t<div class=\"elementor-element elementor-element-7b87ed9 e-flex e-con-boxed e-con e-parent\" data-id=\"7b87ed9\" data-element_type=\"container\" data-e-type=\"container\">\n\t\t\t\t\t<div class=\"e-con-inner\">\n\t\t<div class=\"elementor-element elementor-element-ec0ac8d e-con-full e-flex e-con e-child\" data-id=\"ec0ac8d\" data-element_type=\"container\" data-e-type=\"container\">\n\t\t<div class=\"elementor-element elementor-element-488a9c7 e-con-full e-flex e-con e-child\" data-id=\"488a9c7\" data-element_type=\"container\" data-e-type=\"container\">\n\t\t\t\t<div class=\"elementor-element elementor-element-d452e8e elementor-widget elementor-widget-heading\" data-id=\"d452e8e\" data-element_type=\"widget\" data-e-type=\"widget\" data-widget_type=\"heading.default\">\n\t\t\t\t<div class=\"elementor-widget-container\">\n\t\t\t\t\t<h1 class=\"elementor-heading-title elementor-size-default\">mgr Grzegorz \u0141upak<\/h1>\t\t\t\t<\/div>\n\t\t\t\t<\/div>\n\t\t\t\t<\/div>\n\t\t<div class=\"elementor-element elementor-element-674891f e-con-full e-flex e-con e-child\" data-id=\"674891f\" data-element_type=\"container\" data-e-type=\"container\" data-settings=\"{&quot;background_background&quot;:&quot;classic&quot;}\">\n\t\t<div class=\"elementor-element elementor-element-31e2570 e-grid e-con-full e-con e-child\" data-id=\"31e2570\" data-element_type=\"container\" data-e-type=\"container\">\n\t\t<div class=\"elementor-element elementor-element-d5dd510 e-con-full e-flex e-con e-child\" data-id=\"d5dd510\" data-element_type=\"container\" data-e-type=\"container\">\n\t\t\t\t<div class=\"elementor-element elementor-element-b268f8a elementor-widget elementor-widget-image\" data-id=\"b268f8a\" data-element_type=\"widget\" data-e-type=\"widget\" data-widget_type=\"image.default\">\n\t\t\t\t<div class=\"elementor-widget-container\">\n\t\t\t\t\t\t\t\t\t\t\t\t\t\t\t<img fetchpriority=\"high\" decoding=\"async\" width=\"300\" height=\"300\" src=\"http:\/\/vertecentrum.pl\/wp-content\/uploads\/2025\/09\/IMG_20250811_112929-1-scaled-e1757065804381-300x300.jpg\" class=\"attachment-medium size-medium wp-image-1469\" alt=\"\" srcset=\"http:\/\/vertecentrum.pl\/wp-content\/uploads\/2025\/09\/IMG_20250811_112929-1-scaled-e1757065804381-300x300.jpg 300w, http:\/\/vertecentrum.pl\/wp-content\/uploads\/2025\/09\/IMG_20250811_112929-1-scaled-e1757065804381-1024x1020.jpg 1024w, http:\/\/vertecentrum.pl\/wp-content\/uploads\/2025\/09\/IMG_20250811_112929-1-scaled-e1757065804381-150x150.jpg 150w, http:\/\/vertecentrum.pl\/wp-content\/uploads\/2025\/09\/IMG_20250811_112929-1-scaled-e1757065804381-768x765.jpg 768w, http:\/\/vertecentrum.pl\/wp-content\/uploads\/2025\/09\/IMG_20250811_112929-1-scaled-e1757065804381-1536x1530.jpg 1536w, http:\/\/vertecentrum.pl\/wp-content\/uploads\/2025\/09\/IMG_20250811_112929-1-scaled-e1757065804381.jpg 1894w\" sizes=\"(max-width: 300px) 100vw, 300px\" \/>\t\t\t\t\t\t\t\t\t\t\t\t\t\t\t<\/div>\n\t\t\t\t<\/div>\n\t\t\t\t<\/div>\n\t\t<div class=\"elementor-element elementor-element-f5ac57a e-con-full e-flex e-con e-child\" data-id=\"f5ac57a\" data-element_type=\"container\" data-e-type=\"container\">\n\t\t\t\t<div class=\"elementor-element elementor-element-c6a1b90 elementor-widget elementor-widget-heading\" data-id=\"c6a1b90\" data-element_type=\"widget\" data-e-type=\"widget\" data-widget_type=\"heading.default\">\n\t\t\t\t<div class=\"elementor-widget-container\">\n\t\t\t\t\t<h2 class=\"elementor-heading-title elementor-size-default\">mgr Grzegorz \u0141upak<\/h2>\t\t\t\t<\/div>\n\t\t\t\t<\/div>\n\t\t\t\t<div class=\"elementor-element elementor-element-0aea747 elementor-widget elementor-widget-text-editor\" data-id=\"0aea747\" data-element_type=\"widget\" data-e-type=\"widget\" data-widget_type=\"text-editor.default\">\n\t\t\t\t<div class=\"elementor-widget-container\">\n\t\t\t\t\t\t\t\t\t<h3>PSYCHOLOG<br \/>\u00a0PSYCHOTERAPEUTA W TRAKCIE CERTYFIKACJI<\/h3>\t\t\t\t\t\t\t\t<\/div>\n\t\t\t\t<\/div>\n\t\t\t\t<\/div>\n\t\t\t\t<\/div>\n\t\t\t\t<\/div>\n\t\t<div class=\"elementor-element elementor-element-b70506f e-con-full e-flex e-con e-child\" data-id=\"b70506f\" data-element_type=\"container\" data-e-type=\"container\">\n\t\t\t\t<div class=\"elementor-element elementor-element-7eb7b58 elementor-widget elementor-widget-heading\" data-id=\"7eb7b58\" data-element_type=\"widget\" data-e-type=\"widget\" data-widget_type=\"heading.default\">\n\t\t\t\t<div class=\"elementor-widget-container\">\n\t\t\t\t\t<h3 class=\"elementor-heading-title elementor-size-default\">Wykszta\u0142cenie <\/h3>\t\t\t\t<\/div>\n\t\t\t\t<\/div>\n\t\t\t\t<div class=\"elementor-element elementor-element-ab46b8c elementor-widget elementor-widget-text-editor\" data-id=\"ab46b8c\" data-element_type=\"widget\" data-e-type=\"widget\" data-widget_type=\"text-editor.default\">\n\t\t\t\t<div class=\"elementor-widget-container\">\n\t\t\t\t\t\t\t\t\t<p>Uko\u0144czy\u0142em psychologi\u0119 na Uniwersytecie Jagiello\u0144skim. Obecnie jestem w trakcie realizacji<br \/>ca\u0142o\u015bciowego, czteroletniego szkolenia z zakresu psychoterapii poznawczo-behawioralnej. Posiadam<br \/>uprawnienia trenera TUS, trenera kompetencji spo\u0142ecznych, uko\u0144czy\u0142em studia podyplomowe z<br \/>zakresu oligofrenopedagogiki oraz roczny kurs psychoterapii poznawczo-behawioralnej dzieci i<br \/>m\u0142odzie\u017cy. Stale dbam o podnoszenie w\u0142asnych kwalifikacji.<\/p><p>Uko\u0144czone kursy:<br \/>-Czteroletnia Szko\u0142a Psychoterapii Poznawczo-Behawioralnej (Uniwersytet SWPS w Katowicach) \u2013<br \/>w\u00a0trakcie;<br \/>-Psychoterapia dzieci i m\u0142odzie\u017cy w uj\u0119ciu poznawczo-behawioralnym (O\u015brodek Terapii Poznawczo-<br \/>Behawioralnej Mensana);<br \/>-Szkolenie Trener\u00f3w Rozwojowych i Edukacyjnych STER;<br \/>-Kurs bazowy (3- modu\u0142owy) \u201eTerapia behawioralna w teorii i praktyce (Polskie Stowarzyszenie<br \/>Terapii Behawioralnej);<\/p><p>-\u201eTrening umiej\u0119tno\u015bci spo\u0142ecznych (TUS) terapia grupowa dzieci ze spektrum autyzmu\u201d (Fundacja<br \/>Pomoc Autyzm);<br \/>-Interwencja w sytuacji przemocy r\u00f3wie\u015bniczej. Metoda Wsp\u00f3lnej Sprawy wg Kena Rigbiego.<br \/>(O\u015brodek Rozwoju Edukacji);<br \/>-Inteligencja emocjonalna \u2013 jak rozwija\u0107 emocjonalno\u015b\u0107 uczni\u00f3w (O\u015brodek Tw\u00f3rczej Edukacji Kangur);<br \/>-Uprawnienia diagnostyczne: Skala Inteligencji Stanford-Binet 5 (Pracownia Test\u00f3w Psychologicznych<br \/>i Pedagogicznych).<\/p>\t\t\t\t\t\t\t\t<\/div>\n\t\t\t\t<\/div>\n\t\t\t\t<div class=\"elementor-element elementor-element-e318226 elementor-widget elementor-widget-heading\" data-id=\"e318226\" data-element_type=\"widget\" data-e-type=\"widget\" data-widget_type=\"heading.default\">\n\t\t\t\t<div class=\"elementor-widget-container\">\n\t\t\t\t\t<h3 class=\"elementor-heading-title elementor-size-default\">Do\u015bwiadczenie<\/h3>\t\t\t\t<\/div>\n\t\t\t\t<\/div>\n\t\t\t\t<div class=\"elementor-element elementor-element-82c7bf9 elementor-widget elementor-widget-text-editor\" data-id=\"82c7bf9\" data-element_type=\"widget\" data-e-type=\"widget\" data-widget_type=\"text-editor.default\">\n\t\t\t\t<div class=\"elementor-widget-container\">\n\t\t\t\t\t\t\t\t\t<p>Zawodowo rozwija\u0142em si\u0119 pracuj\u0105c w plac\u00f3wkach o\u015bwiatowych oraz plac\u00f3wkach niepublicznych.<br \/>Posiadam wieloletnie do\u015bwiadczenie w pracy z osobami neuroatypowymi, kt\u00f3re zdobywa\u0142em<br \/>zar\u00f3wno w czasie pracy indywidualnej, jak r\u00f3wnie\u017c prowadz\u0105c grupowe zaj\u0119cia treningu umiej\u0119tno\u015bci<br \/>spo\u0142ecznych.<\/p>\t\t\t\t\t\t\t\t<\/div>\n\t\t\t\t<\/div>\n\t\t\t\t<div class=\"elementor-element elementor-element-988cd3f elementor-widget elementor-widget-heading\" data-id=\"988cd3f\" data-element_type=\"widget\" data-e-type=\"widget\" data-widget_type=\"heading.default\">\n\t\t\t\t<div class=\"elementor-widget-container\">\n\t\t\t\t\t<h3 class=\"elementor-heading-title elementor-size-default\">Z kim pracuj\u0119 <\/h3>\t\t\t\t<\/div>\n\t\t\t\t<\/div>\n\t\t\t\t<div class=\"elementor-element elementor-element-e0559df elementor-widget elementor-widget-text-editor\" data-id=\"e0559df\" data-element_type=\"widget\" data-e-type=\"widget\" data-widget_type=\"text-editor.default\">\n\t\t\t\t<div class=\"elementor-widget-container\">\n\t\t\t\t\t\t\t\t\t<p>Pracuj\u0119 z dzie\u0107mi i m\u0142odzie\u017c\u0105 w wieku szkolnym oraz osobami doros\u0142ymi.<\/p>\t\t\t\t\t\t\t\t<\/div>\n\t\t\t\t<\/div>\n\t\t\t\t<div class=\"elementor-element elementor-element-e2e5973 elementor-widget elementor-widget-heading\" data-id=\"e2e5973\" data-element_type=\"widget\" data-e-type=\"widget\" data-widget_type=\"heading.default\">\n\t\t\t\t<div class=\"elementor-widget-container\">\n\t\t\t\t\t<h3 class=\"elementor-heading-title elementor-size-default\">O mnie<\/h3>\t\t\t\t<\/div>\n\t\t\t\t<\/div>\n\t\t\t\t<div class=\"elementor-element elementor-element-45a1088 elementor-widget elementor-widget-text-editor\" data-id=\"45a1088\" data-element_type=\"widget\" data-e-type=\"widget\" data-widget_type=\"text-editor.default\">\n\t\t\t\t<div class=\"elementor-widget-container\">\n\t\t\t\t\t\t\t\t\t<p>W pracy bardzo wa\u017cne jest dla mnie indywidualne podej\u015bcie do pacjenta.<\/p>\t\t\t\t\t\t\t\t<\/div>\n\t\t\t\t<\/div>\n\t\t\t\t<\/div>\n\t\t<div class=\"elementor-element elementor-element-25f7490 e-con-full e-flex e-con e-child\" data-id=\"25f7490\" data-element_type=\"container\" data-e-type=\"container\">\n\t\t<div class=\"elementor-element elementor-element-15f574e e-grid e-con-full e-con e-child\" data-id=\"15f574e\" data-element_type=\"container\" data-e-type=\"container\">\n\t\t<div class=\"elementor-element elementor-element-e57e71a e-con-full e-flex e-con e-child\" data-id=\"e57e71a\" data-element_type=\"container\" data-e-type=\"container\" data-settings=\"{&quot;background_background&quot;:&quot;classic&quot;}\">\n\t\t\t\t<div class=\"elementor-element elementor-element-5e072d5 elementor-widget elementor-widget-heading\" data-id=\"5e072d5\" data-element_type=\"widget\" data-e-type=\"widget\" data-widget_type=\"heading.default\">\n\t\t\t\t<div class=\"elementor-widget-container\">\n\t\t\t\t\t<h2 class=\"elementor-heading-title elementor-size-default\">Um\u00f3w wizyt\u0119 <\/h2>\t\t\t\t<\/div>\n\t\t\t\t<\/div>\n\t\t\t\t<div class=\"elementor-element elementor-element-4c8d37e elementor-align-center elementor-widget elementor-widget-button\" data-id=\"4c8d37e\" data-element_type=\"widget\" data-e-type=\"widget\" data-widget_type=\"button.default\">\n\t\t\t\t<div class=\"elementor-widget-container\">\n\t\t\t\t\t\t\t\t\t<div class=\"elementor-button-wrapper\">\n\t\t\t\t\t<a class=\"elementor-button elementor-button-link elementor-size-sm\" href=\"tel:518479920\">\n\t\t\t\t\t\t<span class=\"elementor-button-content-wrapper\">\n\t\t\t\t\t\t\t\t\t<span class=\"elementor-button-text\">VERTE: +48 518 479 920<\/span>\n\t\t\t\t\t<\/span>\n\t\t\t\t\t<\/a>\n\t\t\t\t<\/div>\n\t\t\t\t\t\t\t\t<\/div>\n\t\t\t\t<\/div>\n\t\t\t\t<div class=\"elementor-element elementor-element-6cf0eaf elementor-widget elementor-widget-wpforms\" data-id=\"6cf0eaf\" data-element_type=\"widget\" data-e-type=\"widget\" data-widget_type=\"wpforms.default\">\n\t\t\t\t<div class=\"elementor-widget-container\">\n\t\t\t\t\t<div class=\"wpforms-container wpforms-container-full wpforms-render-modern\" id=\"wpforms-741\"><form id=\"wpforms-form-741\" class=\"wpforms-validate wpforms-form wpforms-ajax-form\" data-formid=\"741\" method=\"post\" enctype=\"multipart\/form-data\" action=\"\/index.php\/wp-json\/wp\/v2\/pages\/1467\" data-token=\"bda9d9eaa2ea65a24d94c96eaa7b8d27\" data-token-time=\"1775397099\"><noscript class=\"wpforms-error-noscript\">Aby wype\u0142ni\u0107 ten formularz, w\u0142\u0105cz obs\u0142ug\u0119 JavaScript w przegl\u0105darce.<\/noscript><div id=\"wpforms-error-noscript\" style=\"display: none;\">Aby wype\u0142ni\u0107 ten formularz, w\u0142\u0105cz obs\u0142ug\u0119 JavaScript w przegl\u0105darce.<\/div><div class=\"wpforms-field-container\"><div id=\"wpforms-741-field_1-container\" class=\"wpforms-field wpforms-field-name\" data-field-id=\"1\"><label class=\"wpforms-field-label\" for=\"wpforms-741-field_1\">  Imi\u0119  <span class=\"wpforms-required-label\" aria-hidden=\"true\">*<\/span><\/label><input type=\"text\" id=\"wpforms-741-field_1\" class=\"wpforms-field-large wpforms-field-required\" name=\"wpforms[fields][1]\" aria-errormessage=\"wpforms-741-field_1-error\" required><\/div><div id=\"wpforms-741-field_2-container\" class=\"wpforms-field wpforms-field-email\" data-field-id=\"2\"><label class=\"wpforms-field-label\" for=\"wpforms-741-field_2\">  Adres e-mail  <span class=\"wpforms-required-label\" aria-hidden=\"true\">*<\/span><\/label><input type=\"email\" id=\"wpforms-741-field_2\" class=\"wpforms-field-large wpforms-field-required\" name=\"wpforms[fields][2]\" spellcheck=\"false\" aria-errormessage=\"wpforms-741-field_2-error\" required><\/div><div id=\"wpforms-741-field_6-container\" class=\"wpforms-field wpforms-field-text\" data-field-id=\"6\"><label class=\"wpforms-field-label\" for=\"wpforms-741-field_6\">Numer telefonu  <span class=\"wpforms-required-label\" aria-hidden=\"true\">*<\/span><\/label><input type=\"text\" id=\"wpforms-741-field_6\" class=\"wpforms-field-medium wpforms-field-required\" name=\"wpforms[fields][6]\" aria-errormessage=\"wpforms-741-field_6-error\" required><\/div><div id=\"wpforms-741-field_3-container\" class=\"wpforms-field wpforms-field-textarea\" data-field-id=\"3\"><label class=\"wpforms-field-label\" for=\"wpforms-741-field_3\">  Wska\u017c specjalist\u0119 w celu um\u00f3wienia wizyty lub kr\u00f3tko opisz trudno\u015b\u0107, z kt\u00f3r\u0105 si\u0119 zg\u0142aszasz.<\/label><textarea id=\"wpforms-741-field_3\" class=\"wpforms-field-medium\" name=\"wpforms[fields][3]\" aria-errormessage=\"wpforms-741-field_3-error\" ><\/textarea><\/div>\t\t<div id=\"wpforms-741-field_5-container\"\n\t\t\tclass=\"wpforms-field wpforms-field-text\"\n\t\t\tdata-field-type=\"text\"\n\t\t\tdata-field-id=\"5\"\n\t\t\t>\n\t\t\t<label class=\"wpforms-field-label\" for=\"wpforms-741-field_5\" >specjalist\u0119  um\u00f3wienia<\/label>\n\t\t\t<input type=\"text\" id=\"wpforms-741-field_5\" class=\"wpforms-field-medium\" name=\"wpforms[fields][5]\" >\n\t\t<\/div>\n\t\t<div id=\"wpforms-741-field_4-container\" class=\"wpforms-field wpforms-field-checkbox\" data-field-id=\"4\"><fieldset><legend class=\"wpforms-field-label\"><\/legend><ul id=\"wpforms-741-field_4\"><li class=\"choice-1 depth-1 wpforms-selected\"><input type=\"checkbox\" id=\"wpforms-741-field_4_1\" name=\"wpforms[fields][4][]\" value=\"Zapozna\u0142am\/em si\u0119 z &lt;a href=&quot;https:\/\/vertecentrum.pl\/index.php\/kontakt\/polityka-prywatnosci\/&quot;&gt;\u201epolityk\u0105 prywatno\u015bci\u201d.&lt;\/a&gt;\" aria-errormessage=\"wpforms-741-field_4_1-error\"   checked='checked'><label class=\"wpforms-field-label-inline\" for=\"wpforms-741-field_4_1\">Zapozna\u0142am\/em si\u0119 z <a href=\"https:\/\/vertecentrum.pl\/index.php\/kontakt\/polityka-prywatnosci\/\">\u201epolityk\u0105 prywatno\u015bci\u201d.<\/a><\/label><\/li><\/ul><\/fieldset><\/div><script>\n\t\t\t\t( function() {\n\t\t\t\t\tconst style = document.createElement( 'style' );\n\t\t\t\t\tstyle.appendChild( document.createTextNode( '#wpforms-741-field_5-container { position: absolute !important; overflow: hidden !important; display: inline !important; height: 1px !important; width: 1px !important; z-index: -1000 !important; padding: 0 !important; } #wpforms-741-field_5-container input { visibility: hidden; } #wpforms-conversational-form-page #wpforms-741-field_5-container label { counter-increment: none; }' ) );\n\t\t\t\t\tdocument.head.appendChild( style );\n\t\t\t\t\tdocument.currentScript?.remove();\n\t\t\t\t} )();\n\t\t\t<\/script><\/div><!-- .wpforms-field-container --><div class=\"wpforms-submit-container\" ><input type=\"hidden\" name=\"wpforms[id]\" value=\"741\"><input type=\"hidden\" name=\"page_title\" value=\"\"><input type=\"hidden\" name=\"page_url\" value=\"https:\/\/vertecentrum.pl\/index.php\/wp-json\/wp\/v2\/pages\/1467\"><input type=\"hidden\" name=\"url_referer\" value=\"\"><button type=\"submit\" name=\"wpforms[submit]\" id=\"wpforms-submit-741\" class=\"wpforms-submit\" data-alt-text=\"Wysy\u0142anie...\" data-submit-text=\"Um\u00f3w wizyt\u0119 \" aria-live=\"assertive\" value=\"wpforms-submit\">Um\u00f3w wizyt\u0119 <\/button><img decoding=\"async\" src=\"https:\/\/vertecentrum.pl\/wp-content\/plugins\/wpforms-lite\/assets\/images\/submit-spin.svg\" class=\"wpforms-submit-spinner\" style=\"display: none;\" width=\"26\" height=\"26\" alt=\"Wczytywanie\"><\/div><\/form><\/div>  <!-- .wpforms-container -->\t\t\t\t<\/div>\n\t\t\t\t<\/div>\n\t\t\t\t<\/div>\n\t\t\t\t<\/div>\n\t\t\t\t<\/div>\n\t\t\t\t<\/div>\n\t\t\t\t\t<\/div>\n\t\t\t\t<\/div>\n\t\t\t\t<\/div>\n\t\t","protected":false},"excerpt":{"rendered":"<p>mgr Grzegorz \u0141upak mgr Grzegorz \u0141upak PSYCHOLOG\u00a0PSYCHOTERAPEUTA W TRAKCIE CERTYFIKACJI Wykszta\u0142cenie Uko\u0144czy\u0142em psychologi\u0119 na Uniwersytecie Jagiello\u0144skim. Obecnie jestem w trakcie realizacjica\u0142o\u015bciowego, czteroletniego szkolenia z zakresu psychoterapii poznawczo-behawioralnej. Posiadamuprawnienia trenera TUS, trenera kompetencji spo\u0142ecznych, uko\u0144czy\u0142em studia podyplomowe zzakresu oligofrenopedagogiki oraz roczny kurs psychoterapii poznawczo-behawioralnej dzieci im\u0142odzie\u017cy. Stale dbam o podnoszenie w\u0142asnych kwalifikacji. Uko\u0144czone kursy:-Czteroletnia Szko\u0142a Psychoterapii&hellip;&nbsp;<a href=\"https:\/\/vertecentrum.pl\/index.php\/z-grzegorz-lupak\/\" rel=\"bookmark\">Dowiedz si\u0119 wi\u0119cej &raquo;<span class=\"screen-reader-text\">Z Grzegorz \u0141upak<\/span><\/a><\/p>\n","protected":false},"author":1,"featured_media":0,"parent":0,"menu_order":0,"comment_status":"closed","ping_status":"closed","template":"","meta":{"neve_meta_sidebar":"","neve_meta_container":"","neve_meta_enable_content_width":"","neve_meta_content_width":0,"neve_meta_title_alignment":"","neve_meta_author_avatar":"","neve_post_elements_order":"","neve_meta_disable_header":"","neve_meta_disable_footer":"","neve_meta_disable_title":"","_themeisle_gutenberg_block_has_review":false,"footnotes":""},"class_list":["post-1467","page","type-page","status-publish","hentry"],"_links":{"self":[{"href":"https:\/\/vertecentrum.pl\/index.php\/wp-json\/wp\/v2\/pages\/1467","targetHints":{"allow":["GET"]}}],"collection":[{"href":"https:\/\/vertecentrum.pl\/index.php\/wp-json\/wp\/v2\/pages"}],"about":[{"href":"https:\/\/vertecentrum.pl\/index.php\/wp-json\/wp\/v2\/types\/page"}],"author":[{"embeddable":true,"href":"https:\/\/vertecentrum.pl\/index.php\/wp-json\/wp\/v2\/users\/1"}],"replies":[{"embeddable":true,"href":"https:\/\/vertecentrum.pl\/index.php\/wp-json\/wp\/v2\/comments?post=1467"}],"version-history":[{"count":10,"href":"https:\/\/vertecentrum.pl\/index.php\/wp-json\/wp\/v2\/pages\/1467\/revisions"}],"predecessor-version":[{"id":1547,"href":"https:\/\/vertecentrum.pl\/index.php\/wp-json\/wp\/v2\/pages\/1467\/revisions\/1547"}],"wp:attachment":[{"href":"https:\/\/vertecentrum.pl\/index.php\/wp-json\/wp\/v2\/media?parent=1467"}],"curies":[{"name":"wp","href":"https:\/\/api.w.org\/{rel}","templated":true}]}}