{"id":1621,"date":"2025-09-24T21:41:07","date_gmt":"2025-09-24T19:41:07","guid":{"rendered":"https:\/\/vertecentrum.pl\/?page_id=1621"},"modified":"2025-11-16T12:18:37","modified_gmt":"2025-11-16T11:18:37","slug":"z-natalia-kolano","status":"publish","type":"page","link":"https:\/\/vertecentrum.pl\/index.php\/z-natalia-kolano\/","title":{"rendered":"Z Natalia Kolano"},"content":{"rendered":"\t\t<div data-elementor-type=\"wp-page\" data-elementor-id=\"1621\" class=\"elementor elementor-1621\" data-elementor-post-type=\"page\">\n\t\t\t\t<div class=\"elementor-element elementor-element-65f6b030 e-flex e-con-boxed e-con e-parent\" data-id=\"65f6b030\" data-element_type=\"container\" data-e-type=\"container\">\n\t\t\t\t\t<div class=\"e-con-inner\">\n\t\t\t\t<div class=\"elementor-element elementor-element-1c5e36ba elementor-widget elementor-widget-text-editor\" data-id=\"1c5e36ba\" data-element_type=\"widget\" data-e-type=\"widget\" data-widget_type=\"text-editor.default\">\n\t\t\t\t<div class=\"elementor-widget-container\">\n\t\t\t\t\t\t\t\t\t\n<div id=\"wp-block-themeisle-blocks-advanced-columns-ab71345d\" class=\"wp-block-themeisle-blocks-advanced-columns has-0-columns has-desktop-undefined-layout has-tablet-equal-layout has-mobile-equal-layout has-vertical-unset\"><div class=\"wp-block-themeisle-blocks-advanced-columns-overlay\"><\/div><div class=\"innerblocks-wrap\"><\/div><\/div>\n\t\t\t\t\t\t\t\t<\/div>\n\t\t\t\t<\/div>\n\t\t<div class=\"elementor-element elementor-element-d5c1f8e e-con-full e-flex e-con e-child\" data-id=\"d5c1f8e\" data-element_type=\"container\" data-e-type=\"container\">\n\t\t<div class=\"elementor-element elementor-element-6421c20 e-con-full e-flex e-con e-child\" data-id=\"6421c20\" data-element_type=\"container\" data-e-type=\"container\">\n\t\t\t\t<div class=\"elementor-element elementor-element-1219505 elementor-widget elementor-widget-heading\" data-id=\"1219505\" data-element_type=\"widget\" data-e-type=\"widget\" data-widget_type=\"heading.default\">\n\t\t\t\t<div class=\"elementor-widget-container\">\n\t\t\t\t\t<h1 class=\"elementor-heading-title elementor-size-default\">mgr Natalia Kolano<\/h1>\t\t\t\t<\/div>\n\t\t\t\t<\/div>\n\t\t\t\t<\/div>\n\t\t<div class=\"elementor-element elementor-element-5ac4728 e-con-full e-flex e-con e-child\" data-id=\"5ac4728\" data-element_type=\"container\" data-e-type=\"container\" data-settings=\"{&quot;background_background&quot;:&quot;classic&quot;}\">\n\t\t<div class=\"elementor-element elementor-element-a4d60bd e-grid e-con-full e-con e-child\" data-id=\"a4d60bd\" data-element_type=\"container\" data-e-type=\"container\">\n\t\t<div class=\"elementor-element elementor-element-7995ed0 e-con-full e-flex e-con e-child\" data-id=\"7995ed0\" data-element_type=\"container\" data-e-type=\"container\">\n\t\t\t\t<div class=\"elementor-element elementor-element-2c2f89e elementor-widget elementor-widget-image\" data-id=\"2c2f89e\" data-element_type=\"widget\" data-e-type=\"widget\" data-widget_type=\"image.default\">\n\t\t\t\t<div class=\"elementor-widget-container\">\n\t\t\t\t\t\t\t\t\t\t\t\t\t\t\t<img fetchpriority=\"high\" decoding=\"async\" width=\"300\" height=\"300\" src=\"https:\/\/vertecentrum.pl\/wp-content\/uploads\/2025\/11\/IMG-20251110-WA0001-1-e1763292379866-300x300.jpg\" class=\"attachment-medium size-medium wp-image-1652\" alt=\"\" srcset=\"https:\/\/vertecentrum.pl\/wp-content\/uploads\/2025\/11\/IMG-20251110-WA0001-1-e1763292379866-300x300.jpg 300w, https:\/\/vertecentrum.pl\/wp-content\/uploads\/2025\/11\/IMG-20251110-WA0001-1-e1763292379866-150x150.jpg 150w, https:\/\/vertecentrum.pl\/wp-content\/uploads\/2025\/11\/IMG-20251110-WA0001-1-e1763292379866-768x768.jpg 768w, https:\/\/vertecentrum.pl\/wp-content\/uploads\/2025\/11\/IMG-20251110-WA0001-1-e1763292379866.jpg 793w\" sizes=\"(max-width: 300px) 100vw, 300px\" \/>\t\t\t\t\t\t\t\t\t\t\t\t\t\t\t<\/div>\n\t\t\t\t<\/div>\n\t\t\t\t<\/div>\n\t\t<div class=\"elementor-element elementor-element-d4681b0 e-con-full e-flex e-con e-child\" data-id=\"d4681b0\" data-element_type=\"container\" data-e-type=\"container\">\n\t\t\t\t<div class=\"elementor-element elementor-element-989044c elementor-widget elementor-widget-heading\" data-id=\"989044c\" data-element_type=\"widget\" data-e-type=\"widget\" data-widget_type=\"heading.default\">\n\t\t\t\t<div class=\"elementor-widget-container\">\n\t\t\t\t\t<h2 class=\"elementor-heading-title elementor-size-default\">mgr Natalia Kolano<\/h2>\t\t\t\t<\/div>\n\t\t\t\t<\/div>\n\t\t\t\t<div class=\"elementor-element elementor-element-49bfe80 elementor-widget elementor-widget-text-editor\" data-id=\"49bfe80\" data-element_type=\"widget\" data-e-type=\"widget\" data-widget_type=\"text-editor.default\">\n\t\t\t\t<div class=\"elementor-widget-container\">\n\t\t\t\t\t\t\t\t\t<h3>PSYCHOLOG<br \/>PSYCHOLOG DZIECI I M\u0141ODZIE\u017bY<br \/>PSYCHOTERAPEUTA W TRAKCIE SZKOLENIA<\/h3>\t\t\t\t\t\t\t\t<\/div>\n\t\t\t\t<\/div>\n\t\t\t\t<\/div>\n\t\t\t\t<\/div>\n\t\t\t\t<\/div>\n\t\t<div class=\"elementor-element elementor-element-7135d14 e-con-full e-flex e-con e-child\" data-id=\"7135d14\" data-element_type=\"container\" data-e-type=\"container\">\n\t\t\t\t<div class=\"elementor-element elementor-element-97e75f5 elementor-widget elementor-widget-heading\" data-id=\"97e75f5\" data-element_type=\"widget\" data-e-type=\"widget\" data-widget_type=\"heading.default\">\n\t\t\t\t<div class=\"elementor-widget-container\">\n\t\t\t\t\t<h3 class=\"elementor-heading-title elementor-size-default\">Wykszta\u0142cenie <\/h3>\t\t\t\t<\/div>\n\t\t\t\t<\/div>\n\t\t\t\t<div class=\"elementor-element elementor-element-56ec6d6 elementor-widget elementor-widget-text-editor\" data-id=\"56ec6d6\" data-element_type=\"widget\" data-e-type=\"widget\" data-widget_type=\"text-editor.default\">\n\t\t\t\t<div class=\"elementor-widget-container\">\n\t\t\t\t\t\t\t\t\t<p>Jestem psychologiem, a studia uko\u0144czy\u0142am z wyr\u00f3\u017cnieniem. Temat mojej pracy magisterskiej <br \/>po\u015bwi\u0119ci\u0142am empatii \u2013 zagadnieniu, kt\u00f3re dzi\u015b stanowi fundament mojej pracy terapeutycznej. <br \/>Obecnie jestem w trakcie ca\u0142o\u015bciowego szkolenia psychoterapii poznawczo-behawioralnej <br \/>Centrum CBT EDU w Krakowie.<\/p>\t\t\t\t\t\t\t\t<\/div>\n\t\t\t\t<\/div>\n\t\t\t\t<div class=\"elementor-element elementor-element-a9701ed elementor-widget elementor-widget-heading\" data-id=\"a9701ed\" data-element_type=\"widget\" data-e-type=\"widget\" data-widget_type=\"heading.default\">\n\t\t\t\t<div class=\"elementor-widget-container\">\n\t\t\t\t\t<h3 class=\"elementor-heading-title elementor-size-default\">Do\u015bwiadczenie<\/h3>\t\t\t\t<\/div>\n\t\t\t\t<\/div>\n\t\t\t\t<div class=\"elementor-element elementor-element-84e2c6f elementor-widget elementor-widget-text-editor\" data-id=\"84e2c6f\" data-element_type=\"widget\" data-e-type=\"widget\" data-widget_type=\"text-editor.default\">\n\t\t\t\t<div class=\"elementor-widget-container\">\n\t\t\t\t\t\t\t\t\t<p>Mia\u0142am okazj\u0119 zdobywa\u0107 do\u015bwiadczenie w r\u00f3\u017cnych obszarach, co nauczy\u0142o mnie patrze\u0107 na <br \/>drug\u0105 osob\u0119 w spos\u00f3b holistyczny. Pracowa\u0142am z dzie\u0107mi i m\u0142odzie\u017c\u0105 w poradniach <br \/>psychologiczno-pedagogicznych, wspieraj\u0105c je zar\u00f3wno w trudno\u015bciach emocjonalnych, jak i <br \/>edukacyjnych. W hospicjum dzieci\u0119cym towarzyszy\u0142am najm\u0142odszym oraz ich rodzinom w <br \/>niezwykle wymagaj\u0105cych momentach, ucz\u0105c si\u0119, jak wa\u017cna jest obecno\u015b\u0107, empatia i czu\u0142o\u015b\u0107 w <br \/>relacji terapeutycznej. <br \/>By\u0142am tak\u017ce wolontariuszk\u0105 w fundacji wspieraj\u0105cej osoby nies\u0142ysz\u0105ce \u2013 to do\u015bwiadczenie <br \/>pokaza\u0142o mi, jak r\u00f3\u017cne formy komunikacji mog\u0105 budowa\u0107 blisko\u015b\u0107 i zrozumienie. Z kolei praca <br \/>na oddzia\u0142ach psychiatrycznych i neurorehabilitacyjnych, m.in. w Szpitalu Babi\u0144skiego, w <br \/>Szpitalu Psychiatrycznym w Le\u017cajsku oraz w Szpitalu MSWiA w Rzeszowie, pozwoli\u0142a mi <br \/>wsp\u00f3\u0142pracowa\u0107 z osobami doros\u0142ymi mierz\u0105cymi si\u0119 z powa\u017cnymi kryzysami psychicznymi i <br \/>zdrowotnymi. <br \/>R\u00f3wnolegle pracuj\u0119 na uczelni jako dydaktyk, prowadz\u0105c zaj\u0119cia ze studentami psychologii w <br \/>obszarze interwencji kryzysowych. Dzi\u0119ki temu nie tylko wspieram pacjent\u00f3w w praktyce, ale <br \/>tak\u017ce rozwijam i pog\u0142\u0119biam wiedz\u0119 teoretyczn\u0105, kt\u00f3r\u0105 dziel\u0119 si\u0119 z przysz\u0142ymi specjalistami.<\/p>\t\t\t\t\t\t\t\t<\/div>\n\t\t\t\t<\/div>\n\t\t\t\t<div class=\"elementor-element elementor-element-817ba35 elementor-widget elementor-widget-heading\" data-id=\"817ba35\" data-element_type=\"widget\" data-e-type=\"widget\" data-widget_type=\"heading.default\">\n\t\t\t\t<div class=\"elementor-widget-container\">\n\t\t\t\t\t<h3 class=\"elementor-heading-title elementor-size-default\">Z kim pracuj\u0119 <\/h3>\t\t\t\t<\/div>\n\t\t\t\t<\/div>\n\t\t\t\t<div class=\"elementor-element elementor-element-7370a4e elementor-widget elementor-widget-text-editor\" data-id=\"7370a4e\" data-element_type=\"widget\" data-e-type=\"widget\" data-widget_type=\"text-editor.default\">\n\t\t\t\t<div class=\"elementor-widget-container\">\n\t\t\t\t\t\t\t\t\t<p>Pracuj\u0119 zar\u00f3wno z dzie\u0107mi i m\u0142odzie\u017c\u0105, jak i z osobami doros\u0142ymi. Niezale\u017cnie od wieku staram <br \/>si\u0119 stworzy\u0107 bezpieczn\u0105 przestrze\u0144, w kt\u00f3rej ka\u017cdy mo\u017ce poczu\u0107 si\u0119 wys\u0142uchany, zrozumiany <br \/>i zaopiekowany.<\/p>\t\t\t\t\t\t\t\t<\/div>\n\t\t\t\t<\/div>\n\t\t\t\t<div class=\"elementor-element elementor-element-5ae8ef5 elementor-widget elementor-widget-heading\" data-id=\"5ae8ef5\" data-element_type=\"widget\" data-e-type=\"widget\" data-widget_type=\"heading.default\">\n\t\t\t\t<div class=\"elementor-widget-container\">\n\t\t\t\t\t<h3 class=\"elementor-heading-title elementor-size-default\">O mnie<\/h3>\t\t\t\t<\/div>\n\t\t\t\t<\/div>\n\t\t\t\t<div class=\"elementor-element elementor-element-96bb497 elementor-widget elementor-widget-text-editor\" data-id=\"96bb497\" data-element_type=\"widget\" data-e-type=\"widget\" data-widget_type=\"text-editor.default\">\n\t\t\t\t<div class=\"elementor-widget-container\">\n\t\t\t\t\t\t\t\t\t<p>Podstaw\u0105 mojej pracy jest budowanie relacji opartej na autentycznym dialogu. D\u0105\u017c\u0119 do tego, <br \/>aby pacjent nie tylko czu\u0142 si\u0119 wys\u0142uchany, ale tak\u017ce zrozumia\u0142, \u017ce jego perspektywa i tempo s\u0105 <br \/>dla mnie najwa\u017cniejsze. Korzystam z r\u00f3\u017cnych technik terapeutycznych, dobieraj\u0105c metody do <br \/>potrzeb konkretnej osoby. Szczeg\u00f3lnie interesuj\u0119 si\u0119 zagadnieniami depresji, zaburze\u0144 <br \/>l\u0119kowych oraz uzale\u017cnie\u0144. <br \/>Moj\u0105 drug\u0105 pasj\u0105, obok psychologii, jest \u015bpiew i aktorstwo. Do\u015bwiadczenia sceniczne ucz\u0105 <br \/>mnie wra\u017cliwo\u015bci, otwarto\u015bci i uwa\u017cno\u015bci na drugiego cz\u0142owieka, kt\u00f3re przenosz\u0119 tak\u017ce do <br \/>pracy terapeutycznej.<\/p>\t\t\t\t\t\t\t\t<\/div>\n\t\t\t\t<\/div>\n\t\t\t\t<\/div>\n\t\t<div class=\"elementor-element elementor-element-c198e61 e-con-full e-flex e-con e-child\" data-id=\"c198e61\" data-element_type=\"container\" data-e-type=\"container\">\n\t\t<div class=\"elementor-element elementor-element-ca68d93 e-grid e-con-full e-con e-child\" data-id=\"ca68d93\" data-element_type=\"container\" data-e-type=\"container\">\n\t\t<div class=\"elementor-element elementor-element-7e31a0e e-con-full e-flex e-con e-child\" data-id=\"7e31a0e\" data-element_type=\"container\" data-e-type=\"container\" data-settings=\"{&quot;background_background&quot;:&quot;classic&quot;}\">\n\t\t\t\t<div class=\"elementor-element elementor-element-f594e88 elementor-widget elementor-widget-heading\" data-id=\"f594e88\" data-element_type=\"widget\" data-e-type=\"widget\" data-widget_type=\"heading.default\">\n\t\t\t\t<div class=\"elementor-widget-container\">\n\t\t\t\t\t<h2 class=\"elementor-heading-title elementor-size-default\">Um\u00f3w wizyt\u0119 <\/h2>\t\t\t\t<\/div>\n\t\t\t\t<\/div>\n\t\t\t\t<div class=\"elementor-element elementor-element-8fc1e00 elementor-align-center elementor-widget elementor-widget-button\" data-id=\"8fc1e00\" data-element_type=\"widget\" data-e-type=\"widget\" data-widget_type=\"button.default\">\n\t\t\t\t<div class=\"elementor-widget-container\">\n\t\t\t\t\t\t\t\t\t<div class=\"elementor-button-wrapper\">\n\t\t\t\t\t<a class=\"elementor-button elementor-button-link elementor-size-sm\" href=\"tel:518479920\">\n\t\t\t\t\t\t<span class=\"elementor-button-content-wrapper\">\n\t\t\t\t\t\t\t\t\t<span class=\"elementor-button-text\">VERTE: +48 518 479 920<\/span>\n\t\t\t\t\t<\/span>\n\t\t\t\t\t<\/a>\n\t\t\t\t<\/div>\n\t\t\t\t\t\t\t\t<\/div>\n\t\t\t\t<\/div>\n\t\t\t\t<div class=\"elementor-element elementor-element-8b8bcfe elementor-widget elementor-widget-wpforms\" data-id=\"8b8bcfe\" data-element_type=\"widget\" data-e-type=\"widget\" data-widget_type=\"wpforms.default\">\n\t\t\t\t<div class=\"elementor-widget-container\">\n\t\t\t\t\t<div class=\"wpforms-container wpforms-container-full wpforms-render-modern\" id=\"wpforms-741\"><form id=\"wpforms-form-741\" class=\"wpforms-validate wpforms-form wpforms-ajax-form\" data-formid=\"741\" method=\"post\" enctype=\"multipart\/form-data\" action=\"\/index.php\/wp-json\/wp\/v2\/pages\/1621\" data-token=\"371623c92120c7ca9b551ea9e1fa2980\" data-token-time=\"1776866633\"><noscript class=\"wpforms-error-noscript\">Aby wype\u0142ni\u0107 ten formularz, w\u0142\u0105cz obs\u0142ug\u0119 JavaScript w przegl\u0105darce.<\/noscript><div id=\"wpforms-error-noscript\" style=\"display: none;\">Aby wype\u0142ni\u0107 ten formularz, w\u0142\u0105cz obs\u0142ug\u0119 JavaScript w przegl\u0105darce.<\/div><div class=\"wpforms-field-container\"><div id=\"wpforms-741-field_1-container\" class=\"wpforms-field wpforms-field-name\" data-field-id=\"1\"><label class=\"wpforms-field-label\" for=\"wpforms-741-field_1\">  Imi\u0119  <span class=\"wpforms-required-label\" aria-hidden=\"true\">*<\/span><\/label><input type=\"text\" id=\"wpforms-741-field_1\" class=\"wpforms-field-large wpforms-field-required\" name=\"wpforms[fields][1]\" aria-errormessage=\"wpforms-741-field_1-error\" required><\/div><div id=\"wpforms-741-field_2-container\" class=\"wpforms-field wpforms-field-email\" data-field-id=\"2\"><label class=\"wpforms-field-label\" for=\"wpforms-741-field_2\">  Adres e-mail  <span class=\"wpforms-required-label\" aria-hidden=\"true\">*<\/span><\/label><input type=\"email\" id=\"wpforms-741-field_2\" class=\"wpforms-field-large wpforms-field-required\" name=\"wpforms[fields][2]\" spellcheck=\"false\" aria-errormessage=\"wpforms-741-field_2-error\" required><\/div>\t\t<div id=\"wpforms-741-field_5-container\"\n\t\t\tclass=\"wpforms-field wpforms-field-text\"\n\t\t\tdata-field-type=\"text\"\n\t\t\tdata-field-id=\"5\"\n\t\t\t>\n\t\t\t<label class=\"wpforms-field-label\" for=\"wpforms-741-field_5\" > zg\u0142aszasz. <\/label>\n\t\t\t<input type=\"text\" id=\"wpforms-741-field_5\" class=\"wpforms-field-medium\" name=\"wpforms[fields][5]\" >\n\t\t<\/div>\n\t\t<div id=\"wpforms-741-field_6-container\" class=\"wpforms-field wpforms-field-text\" data-field-id=\"6\"><label class=\"wpforms-field-label\" for=\"wpforms-741-field_6\">Numer telefonu  <span class=\"wpforms-required-label\" aria-hidden=\"true\">*<\/span><\/label><input type=\"text\" id=\"wpforms-741-field_6\" class=\"wpforms-field-medium wpforms-field-required\" name=\"wpforms[fields][6]\" aria-errormessage=\"wpforms-741-field_6-error\" required><\/div><div id=\"wpforms-741-field_3-container\" class=\"wpforms-field wpforms-field-textarea\" data-field-id=\"3\"><label class=\"wpforms-field-label\" for=\"wpforms-741-field_3\">  Wska\u017c specjalist\u0119 w celu um\u00f3wienia wizyty lub kr\u00f3tko opisz trudno\u015b\u0107, z kt\u00f3r\u0105 si\u0119 zg\u0142aszasz.<\/label><textarea id=\"wpforms-741-field_3\" class=\"wpforms-field-medium\" name=\"wpforms[fields][3]\" aria-errormessage=\"wpforms-741-field_3-error\" ><\/textarea><\/div><div id=\"wpforms-741-field_4-container\" class=\"wpforms-field wpforms-field-checkbox\" data-field-id=\"4\"><fieldset><legend class=\"wpforms-field-label\"><\/legend><ul id=\"wpforms-741-field_4\"><li class=\"choice-1 depth-1 wpforms-selected\"><input type=\"checkbox\" id=\"wpforms-741-field_4_1\" name=\"wpforms[fields][4][]\" value=\"Zapozna\u0142am\/em si\u0119 z &lt;a href=&quot;https:\/\/vertecentrum.pl\/index.php\/kontakt\/polityka-prywatnosci\/&quot;&gt;\u201epolityk\u0105 prywatno\u015bci\u201d.&lt;\/a&gt;\" aria-errormessage=\"wpforms-741-field_4_1-error\"   checked='checked'><label class=\"wpforms-field-label-inline\" for=\"wpforms-741-field_4_1\">Zapozna\u0142am\/em si\u0119 z <a href=\"https:\/\/vertecentrum.pl\/index.php\/kontakt\/polityka-prywatnosci\/\">\u201epolityk\u0105 prywatno\u015bci\u201d.<\/a><\/label><\/li><\/ul><\/fieldset><\/div><script>\n\t\t\t\t( function() {\n\t\t\t\t\tconst style = document.createElement( 'style' );\n\t\t\t\t\tstyle.appendChild( document.createTextNode( '#wpforms-741-field_5-container { position: absolute !important; overflow: hidden !important; display: inline !important; height: 1px !important; width: 1px !important; z-index: -1000 !important; padding: 0 !important; } #wpforms-741-field_5-container input { visibility: hidden; } #wpforms-conversational-form-page #wpforms-741-field_5-container label { counter-increment: none; }' ) );\n\t\t\t\t\tdocument.head.appendChild( style );\n\t\t\t\t\tdocument.currentScript?.remove();\n\t\t\t\t} )();\n\t\t\t<\/script><\/div><!-- .wpforms-field-container --><div class=\"wpforms-submit-container\" ><input type=\"hidden\" name=\"wpforms[id]\" value=\"741\"><input type=\"hidden\" name=\"page_title\" value=\"\"><input type=\"hidden\" name=\"page_url\" value=\"https:\/\/vertecentrum.pl\/index.php\/wp-json\/wp\/v2\/pages\/1621\"><input type=\"hidden\" name=\"url_referer\" value=\"\"><button type=\"submit\" name=\"wpforms[submit]\" id=\"wpforms-submit-741\" class=\"wpforms-submit\" data-alt-text=\"Wysy\u0142anie...\" data-submit-text=\"Um\u00f3w wizyt\u0119 \" aria-live=\"assertive\" value=\"wpforms-submit\">Um\u00f3w wizyt\u0119 <\/button><img decoding=\"async\" src=\"https:\/\/vertecentrum.pl\/wp-content\/plugins\/wpforms-lite\/assets\/images\/submit-spin.svg\" class=\"wpforms-submit-spinner\" style=\"display: none;\" width=\"26\" height=\"26\" alt=\"Wczytywanie\"><\/div><\/form><\/div>  <!-- .wpforms-container -->\t\t\t\t<\/div>\n\t\t\t\t<\/div>\n\t\t\t\t<\/div>\n\t\t\t\t<\/div>\n\t\t\t\t<\/div>\n\t\t\t\t<\/div>\n\t\t\t\t\t<\/div>\n\t\t\t\t<\/div>\n\t\t\t\t<\/div>\n\t\t","protected":false},"excerpt":{"rendered":"<p>mgr Natalia Kolano mgr Natalia Kolano PSYCHOLOGPSYCHOLOG DZIECI I M\u0141ODZIE\u017bYPSYCHOTERAPEUTA W TRAKCIE SZKOLENIA Wykszta\u0142cenie Jestem psychologiem, a studia uko\u0144czy\u0142am z wyr\u00f3\u017cnieniem. Temat mojej pracy magisterskiej po\u015bwi\u0119ci\u0142am empatii \u2013 zagadnieniu, kt\u00f3re dzi\u015b stanowi fundament mojej pracy terapeutycznej. Obecnie jestem w trakcie ca\u0142o\u015bciowego szkolenia psychoterapii poznawczo-behawioralnej Centrum CBT EDU w Krakowie. Do\u015bwiadczenie Mia\u0142am okazj\u0119 zdobywa\u0107 do\u015bwiadczenie w&hellip;&nbsp;<a href=\"https:\/\/vertecentrum.pl\/index.php\/z-natalia-kolano\/\" rel=\"bookmark\">Dowiedz si\u0119 wi\u0119cej &raquo;<span class=\"screen-reader-text\">Z Natalia Kolano<\/span><\/a><\/p>\n","protected":false},"author":1,"featured_media":0,"parent":0,"menu_order":0,"comment_status":"closed","ping_status":"closed","template":"","meta":{"neve_meta_sidebar":"","neve_meta_container":"","neve_meta_enable_content_width":"","neve_meta_content_width":0,"neve_meta_title_alignment":"","neve_meta_author_avatar":"","neve_post_elements_order":"","neve_meta_disable_header":"","neve_meta_disable_footer":"","neve_meta_disable_title":"","_themeisle_gutenberg_block_has_review":false,"footnotes":""},"class_list":["post-1621","page","type-page","status-publish","hentry"],"_links":{"self":[{"href":"https:\/\/vertecentrum.pl\/index.php\/wp-json\/wp\/v2\/pages\/1621","targetHints":{"allow":["GET"]}}],"collection":[{"href":"https:\/\/vertecentrum.pl\/index.php\/wp-json\/wp\/v2\/pages"}],"about":[{"href":"https:\/\/vertecentrum.pl\/index.php\/wp-json\/wp\/v2\/types\/page"}],"author":[{"embeddable":true,"href":"https:\/\/vertecentrum.pl\/index.php\/wp-json\/wp\/v2\/users\/1"}],"replies":[{"embeddable":true,"href":"https:\/\/vertecentrum.pl\/index.php\/wp-json\/wp\/v2\/comments?post=1621"}],"version-history":[{"count":7,"href":"https:\/\/vertecentrum.pl\/index.php\/wp-json\/wp\/v2\/pages\/1621\/revisions"}],"predecessor-version":[{"id":1659,"href":"https:\/\/vertecentrum.pl\/index.php\/wp-json\/wp\/v2\/pages\/1621\/revisions\/1659"}],"wp:attachment":[{"href":"https:\/\/vertecentrum.pl\/index.php\/wp-json\/wp\/v2\/media?parent=1621"}],"curies":[{"name":"wp","href":"https:\/\/api.w.org\/{rel}","templated":true}]}}