{"id":995,"date":"2024-11-24T12:25:45","date_gmt":"2024-11-24T11:25:45","guid":{"rendered":"https:\/\/vertecentrum.pl\/?page_id=995"},"modified":"2026-01-19T19:48:36","modified_gmt":"2026-01-19T18:48:36","slug":"z-katarzyna-szczepaniec","status":"publish","type":"page","link":"https:\/\/vertecentrum.pl\/index.php\/z-katarzyna-szczepaniec\/","title":{"rendered":"Z Katarzyna Szczepaniec"},"content":{"rendered":"\t\t<div data-elementor-type=\"wp-page\" data-elementor-id=\"995\" class=\"elementor elementor-995\" data-elementor-post-type=\"page\">\n\t\t\t\t<div class=\"elementor-element elementor-element-47ba49e e-flex e-con-boxed e-con e-parent\" data-id=\"47ba49e\" data-element_type=\"container\" data-e-type=\"container\">\n\t\t\t\t\t<div class=\"e-con-inner\">\n\t\t<div class=\"elementor-element elementor-element-50516fa e-con-full e-flex e-con e-child\" data-id=\"50516fa\" data-element_type=\"container\" data-e-type=\"container\">\n\t\t\t\t<div class=\"elementor-element elementor-element-e979b7f elementor-widget elementor-widget-heading\" data-id=\"e979b7f\" data-element_type=\"widget\" data-e-type=\"widget\" data-widget_type=\"heading.default\">\n\t\t\t\t<div class=\"elementor-widget-container\">\n\t\t\t\t\t<h1 class=\"elementor-heading-title elementor-size-default\">mgr Katarzyna Szczepaniec-Gracz<\/h1>\t\t\t\t<\/div>\n\t\t\t\t<\/div>\n\t\t\t\t<\/div>\n\t\t<div class=\"elementor-element elementor-element-5955cfc e-con-full e-flex e-con e-child\" data-id=\"5955cfc\" data-element_type=\"container\" data-e-type=\"container\" data-settings=\"{&quot;background_background&quot;:&quot;classic&quot;}\">\n\t\t<div class=\"elementor-element elementor-element-53f807c e-grid e-con-full e-con e-child\" data-id=\"53f807c\" data-element_type=\"container\" data-e-type=\"container\">\n\t\t<div class=\"elementor-element elementor-element-1f69b02 e-con-full e-flex e-con e-child\" data-id=\"1f69b02\" data-element_type=\"container\" data-e-type=\"container\">\n\t\t\t\t<div class=\"elementor-element elementor-element-b38915f elementor-widget elementor-widget-image\" data-id=\"b38915f\" data-element_type=\"widget\" data-e-type=\"widget\" data-widget_type=\"image.default\">\n\t\t\t\t<div class=\"elementor-widget-container\">\n\t\t\t\t\t\t\t\t\t\t\t\t\t\t\t<img fetchpriority=\"high\" decoding=\"async\" width=\"300\" height=\"300\" src=\"https:\/\/vertecentrum.pl\/wp-content\/uploads\/2024\/11\/Kasia-300x300.jpg\" class=\"attachment-medium size-medium wp-image-778\" alt=\"\" srcset=\"https:\/\/vertecentrum.pl\/wp-content\/uploads\/2024\/11\/Kasia-300x300.jpg 300w, https:\/\/vertecentrum.pl\/wp-content\/uploads\/2024\/11\/Kasia-150x150.jpg 150w, https:\/\/vertecentrum.pl\/wp-content\/uploads\/2024\/11\/Kasia.jpg 500w\" sizes=\"(max-width: 300px) 100vw, 300px\" \/>\t\t\t\t\t\t\t\t\t\t\t\t\t\t\t<\/div>\n\t\t\t\t<\/div>\n\t\t\t\t<\/div>\n\t\t<div class=\"elementor-element elementor-element-8a3c4a4 e-con-full e-flex e-con e-child\" data-id=\"8a3c4a4\" data-element_type=\"container\" data-e-type=\"container\">\n\t\t\t\t<div class=\"elementor-element elementor-element-80a8257 elementor-widget elementor-widget-heading\" data-id=\"80a8257\" data-element_type=\"widget\" data-e-type=\"widget\" data-widget_type=\"heading.default\">\n\t\t\t\t<div class=\"elementor-widget-container\">\n\t\t\t\t\t<h2 class=\"elementor-heading-title elementor-size-default\">mgr Katarzyna Szczepaniec-Gracz<\/h2>\t\t\t\t<\/div>\n\t\t\t\t<\/div>\n\t\t\t\t<div class=\"elementor-element elementor-element-3a69a46 elementor-widget elementor-widget-text-editor\" data-id=\"3a69a46\" data-element_type=\"widget\" data-e-type=\"widget\" data-widget_type=\"text-editor.default\">\n\t\t\t\t<div class=\"elementor-widget-container\">\n\t\t\t\t\t\t\t\t\t<h3>PSYCHOLOG <br \/>PSYCHOLOG DZIECI I M\u0141ODZIE\u017bY SEKSUOLOG<br \/>PSYCHOTERAPEUTA W TRAKCIE SZKOLENIA<\/h3>\t\t\t\t\t\t\t\t<\/div>\n\t\t\t\t<\/div>\n\t\t\t\t<\/div>\n\t\t\t\t<\/div>\n\t\t\t\t<\/div>\n\t\t<div class=\"elementor-element elementor-element-72599f9 e-con-full e-flex e-con e-child\" data-id=\"72599f9\" data-element_type=\"container\" data-e-type=\"container\">\n\t\t\t\t<div class=\"elementor-element elementor-element-2d2bdcc elementor-widget elementor-widget-heading\" data-id=\"2d2bdcc\" data-element_type=\"widget\" data-e-type=\"widget\" data-widget_type=\"heading.default\">\n\t\t\t\t<div class=\"elementor-widget-container\">\n\t\t\t\t\t<h3 class=\"elementor-heading-title elementor-size-default\">Wykszta\u0142cenie <\/h3>\t\t\t\t<\/div>\n\t\t\t\t<\/div>\n\t\t\t\t<div class=\"elementor-element elementor-element-a16cedf elementor-widget elementor-widget-text-editor\" data-id=\"a16cedf\" data-element_type=\"widget\" data-e-type=\"widget\" data-widget_type=\"text-editor.default\">\n\t\t\t\t<div class=\"elementor-widget-container\">\n\t\t\t\t\t\t\t\t\t<p>Uko\u0144czone: <br \/>Psychologia stosowana, Uniwersytet Jagiello\u0144ski;<br \/>Seksuologia kliniczna, Uniwersytet SWPS;<br \/>Terapia Skoncentrowana na Rozwi\u0105zaniach, Centrum TSR;<br \/>Szko\u0142a Trener\u00f3w, Wszechnica UJ;<br \/>Studium Interwencji Kryzysowej, GIPiS Arcan.<br \/>W trakcie:<br \/>Szko\u0142a Psychoterapii, O\u015brodek Pomocy i Edukacji Psychologicznej Intra (nurt humanistyczno-do\u015bwiadczeniowy)<\/p>\t\t\t\t\t\t\t\t<\/div>\n\t\t\t\t<\/div>\n\t\t\t\t<div class=\"elementor-element elementor-element-65a467d elementor-widget elementor-widget-heading\" data-id=\"65a467d\" data-element_type=\"widget\" data-e-type=\"widget\" data-widget_type=\"heading.default\">\n\t\t\t\t<div class=\"elementor-widget-container\">\n\t\t\t\t\t<h3 class=\"elementor-heading-title elementor-size-default\">Do\u015bwiadczenie<\/h3>\t\t\t\t<\/div>\n\t\t\t\t<\/div>\n\t\t\t\t<div class=\"elementor-element elementor-element-31f0a1e elementor-widget elementor-widget-text-editor\" data-id=\"31f0a1e\" data-element_type=\"widget\" data-e-type=\"widget\" data-widget_type=\"text-editor.default\">\n\t\t\t\t<div class=\"elementor-widget-container\">\n\t\t\t\t\t\t\t\t\t<p>Organizacja pozarz\u0105dowa &#8211; Ma\u0142opolski O\u015brodek Fundacji Praesterno (indywidualna i grupowa praca z m\u0142odzie\u017c\u0105 i rodzicami);<br \/>plac\u00f3wka o\u015bwiatowa &#8211; szko\u0142a podstawowa (psycholog szkolny);<br \/>plac\u00f3wki opieku\u0144czo &#8211; wychowawcze (indywidualny i grupowy kontakt z wychowankami i wychowawcami);<br \/>obozy socjoterapeutyczne dla dzieci z rodzin zagro\u017conych wykluczeniem spo\u0142ecznym;<br \/>prowadzenie warsztat\u00f3w profilaktycznych, w tym w zakresie edukacji seksualnej;<br \/>prywatne gabinety psychologiczne.<\/p>\t\t\t\t\t\t\t\t<\/div>\n\t\t\t\t<\/div>\n\t\t\t\t<div class=\"elementor-element elementor-element-19e2669 elementor-widget elementor-widget-heading\" data-id=\"19e2669\" data-element_type=\"widget\" data-e-type=\"widget\" data-widget_type=\"heading.default\">\n\t\t\t\t<div class=\"elementor-widget-container\">\n\t\t\t\t\t<h3 class=\"elementor-heading-title elementor-size-default\">Z kim pracuj\u0119 <\/h3>\t\t\t\t<\/div>\n\t\t\t\t<\/div>\n\t\t\t\t<div class=\"elementor-element elementor-element-a115c31 elementor-widget elementor-widget-text-editor\" data-id=\"a115c31\" data-element_type=\"widget\" data-e-type=\"widget\" data-widget_type=\"text-editor.default\">\n\t\t\t\t<div class=\"elementor-widget-container\">\n\t\t\t\t\t\t\t\t\t<p>Doro\u015bli,<br \/>M\u0142odzie\u017c od 13 roku \u017cycia.<\/p>\t\t\t\t\t\t\t\t<\/div>\n\t\t\t\t<\/div>\n\t\t\t\t<div class=\"elementor-element elementor-element-4b86ede elementor-widget elementor-widget-heading\" data-id=\"4b86ede\" data-element_type=\"widget\" data-e-type=\"widget\" data-widget_type=\"heading.default\">\n\t\t\t\t<div class=\"elementor-widget-container\">\n\t\t\t\t\t<h3 class=\"elementor-heading-title elementor-size-default\">O mnie<\/h3>\t\t\t\t<\/div>\n\t\t\t\t<\/div>\n\t\t\t\t<div class=\"elementor-element elementor-element-3f3ce9a elementor-widget elementor-widget-text-editor\" data-id=\"3f3ce9a\" data-element_type=\"widget\" data-e-type=\"widget\" data-widget_type=\"text-editor.default\">\n\t\t\t\t<div class=\"elementor-widget-container\">\n\t\t\t\t\t\t\t\t\t<p>Jestem psychologiem, seksuologiem, w trakcie szkolenia psychoterapeutycznego w nurcie humanistyczno-do\u015bwiadczeniowym. Na co dzie\u0144 pracuj\u0119 z m\u0142odzie\u017c\u0105 i doros\u0142ymi, indywidualnie i grupowo. W obr\u0119bie mojego dotychczasowego do\u015bwiadczenia znajduje si\u0119 praca z osobami zmagaj\u0105cymi si\u0119 z kryzysami \u017cyciowymi i rozwojowymi, obni\u017conym nastrojem, l\u0119kami i trudno\u015bciami w akceptacji siebie.<br \/>W swojej pracy skupiam si\u0119 na jak najlepszym poznaniu pacjenta, jego historii, zasob\u00f3w, trudno\u015bci, sposob\u00f3w patrzenia na siebie, \u015bwiat i innych. Bardzo wa\u017cne jest dla mnie stworzenie bezpiecznej relacji, jak najbardziej sprzyjaj\u0105cej przestrzeni do eksploracji siebie i d\u0105\u017cenia do polepszenia jako\u015bci swojego \u017cycia. Praca z ka\u017cd\u0105 osob\u0105 jest niepowtarzalna, dlatego staram si\u0119 tak dostosowa\u0107 spos\u00f3b pracy i bycia z drugim cz\u0142owiekiem, aby bior\u0105c pod uwag\u0119 jego potrzeby, indywidualne mo\u017cliwo\u015bci i osobisty potencja\u0142, wesprze\u0107 go na drodze do po\u017c\u0105danej zmiany.<br \/>Pracuj\u0119 pod sta\u0142\u0105 superwizj\u0105.<\/p>\t\t\t\t\t\t\t\t<\/div>\n\t\t\t\t<\/div>\n\t\t\t\t<\/div>\n\t\t<div class=\"elementor-element elementor-element-107582c e-con-full e-flex e-con e-child\" data-id=\"107582c\" data-element_type=\"container\" data-e-type=\"container\">\n\t\t<div class=\"elementor-element elementor-element-478432d e-grid e-con-full e-con e-child\" data-id=\"478432d\" data-element_type=\"container\" data-e-type=\"container\">\n\t\t<div class=\"elementor-element elementor-element-c5db532 e-con-full e-flex e-con e-child\" data-id=\"c5db532\" data-element_type=\"container\" data-e-type=\"container\" data-settings=\"{&quot;background_background&quot;:&quot;classic&quot;}\">\n\t\t\t\t<div class=\"elementor-element elementor-element-c3f9b68 elementor-widget elementor-widget-heading\" data-id=\"c3f9b68\" data-element_type=\"widget\" data-e-type=\"widget\" data-widget_type=\"heading.default\">\n\t\t\t\t<div class=\"elementor-widget-container\">\n\t\t\t\t\t<h2 class=\"elementor-heading-title elementor-size-default\">Um\u00f3w wizyt\u0119 <\/h2>\t\t\t\t<\/div>\n\t\t\t\t<\/div>\n\t\t\t\t<div class=\"elementor-element elementor-element-a162af4 elementor-align-center elementor-widget elementor-widget-button\" data-id=\"a162af4\" data-element_type=\"widget\" data-e-type=\"widget\" data-widget_type=\"button.default\">\n\t\t\t\t<div class=\"elementor-widget-container\">\n\t\t\t\t\t\t\t\t\t<div class=\"elementor-button-wrapper\">\n\t\t\t\t\t<a class=\"elementor-button elementor-button-link elementor-size-sm\" href=\"tel:518479920\">\n\t\t\t\t\t\t<span class=\"elementor-button-content-wrapper\">\n\t\t\t\t\t\t\t\t\t<span class=\"elementor-button-text\">VERTE: +48 518 479 920<\/span>\n\t\t\t\t\t<\/span>\n\t\t\t\t\t<\/a>\n\t\t\t\t<\/div>\n\t\t\t\t\t\t\t\t<\/div>\n\t\t\t\t<\/div>\n\t\t\t\t<div class=\"elementor-element elementor-element-126348e elementor-widget elementor-widget-wpforms\" data-id=\"126348e\" data-element_type=\"widget\" data-e-type=\"widget\" data-widget_type=\"wpforms.default\">\n\t\t\t\t<div class=\"elementor-widget-container\">\n\t\t\t\t\t<div class=\"wpforms-container wpforms-container-full wpforms-render-modern\" id=\"wpforms-741\"><form id=\"wpforms-form-741\" class=\"wpforms-validate wpforms-form wpforms-ajax-form\" data-formid=\"741\" method=\"post\" enctype=\"multipart\/form-data\" action=\"\/index.php\/wp-json\/wp\/v2\/pages\/995\" data-token=\"89a5232385481b47b1a0d2c1345f097d\" data-token-time=\"1779001755\"><noscript class=\"wpforms-error-noscript\">Aby wype\u0142ni\u0107 ten formularz, w\u0142\u0105cz obs\u0142ug\u0119 JavaScript w przegl\u0105darce.<\/noscript><div id=\"wpforms-error-noscript\" style=\"display: none;\">Aby wype\u0142ni\u0107 ten formularz, w\u0142\u0105cz obs\u0142ug\u0119 JavaScript w przegl\u0105darce.<\/div><div class=\"wpforms-field-container\"><div id=\"wpforms-741-field_1-container\" class=\"wpforms-field wpforms-field-name\" data-field-id=\"1\"><label class=\"wpforms-field-label\" for=\"wpforms-741-field_1\">  Imi\u0119  <span class=\"wpforms-required-label\" aria-hidden=\"true\">*<\/span><\/label><input type=\"text\" id=\"wpforms-741-field_1\" class=\"wpforms-field-large wpforms-field-required\" name=\"wpforms[fields][1]\" aria-errormessage=\"wpforms-741-field_1-error\" required><\/div><div id=\"wpforms-741-field_2-container\" class=\"wpforms-field wpforms-field-email\" data-field-id=\"2\"><label class=\"wpforms-field-label\" for=\"wpforms-741-field_2\">  Adres e-mail  <span class=\"wpforms-required-label\" aria-hidden=\"true\">*<\/span><\/label><input type=\"email\" id=\"wpforms-741-field_2\" class=\"wpforms-field-large wpforms-field-required\" name=\"wpforms[fields][2]\" spellcheck=\"false\" aria-errormessage=\"wpforms-741-field_2-error\" required><\/div><div id=\"wpforms-741-field_6-container\" class=\"wpforms-field wpforms-field-text\" data-field-id=\"6\"><label class=\"wpforms-field-label\" for=\"wpforms-741-field_6\">Numer telefonu  <span class=\"wpforms-required-label\" aria-hidden=\"true\">*<\/span><\/label><input type=\"text\" id=\"wpforms-741-field_6\" class=\"wpforms-field-medium wpforms-field-required\" name=\"wpforms[fields][6]\" aria-errormessage=\"wpforms-741-field_6-error\" required><\/div><div id=\"wpforms-741-field_3-container\" class=\"wpforms-field wpforms-field-textarea\" data-field-id=\"3\"><label class=\"wpforms-field-label\" for=\"wpforms-741-field_3\">  Wska\u017c specjalist\u0119 w celu um\u00f3wienia wizyty lub kr\u00f3tko opisz trudno\u015b\u0107, z kt\u00f3r\u0105 si\u0119 zg\u0142aszasz.<\/label><textarea id=\"wpforms-741-field_3\" class=\"wpforms-field-medium\" name=\"wpforms[fields][3]\" aria-errormessage=\"wpforms-741-field_3-error\" ><\/textarea><\/div>\t\t<div id=\"wpforms-741-field_5-container\"\n\t\t\tclass=\"wpforms-field wpforms-field-text\"\n\t\t\tdata-field-type=\"text\"\n\t\t\tdata-field-id=\"5\"\n\t\t\t>\n\t\t\t<label class=\"wpforms-field-label\" for=\"wpforms-741-field_5\" >Wska\u017c um\u00f3wienia lub<\/label>\n\t\t\t<input type=\"text\" id=\"wpforms-741-field_5\" class=\"wpforms-field-medium\" name=\"wpforms[fields][5]\" >\n\t\t<\/div>\n\t\t<div id=\"wpforms-741-field_4-container\" class=\"wpforms-field wpforms-field-checkbox\" data-field-id=\"4\"><fieldset><legend class=\"wpforms-field-label\"><\/legend><ul id=\"wpforms-741-field_4\"><li class=\"choice-1 depth-1 wpforms-selected\"><input type=\"checkbox\" id=\"wpforms-741-field_4_1\" name=\"wpforms[fields][4][]\" value=\"Zapozna\u0142am\/em si\u0119 z &lt;a href=&quot;https:\/\/vertecentrum.pl\/index.php\/kontakt\/polityka-prywatnosci\/&quot;&gt;\u201epolityk\u0105 prywatno\u015bci\u201d.&lt;\/a&gt;\" aria-errormessage=\"wpforms-741-field_4_1-error\"   checked='checked'><label class=\"wpforms-field-label-inline\" for=\"wpforms-741-field_4_1\">Zapozna\u0142am\/em si\u0119 z <a href=\"https:\/\/vertecentrum.pl\/index.php\/kontakt\/polityka-prywatnosci\/\">\u201epolityk\u0105 prywatno\u015bci\u201d.<\/a><\/label><\/li><\/ul><\/fieldset><\/div><script>\n\t\t\t\t( function() {\n\t\t\t\t\tconst style = document.createElement( 'style' );\n\t\t\t\t\tstyle.appendChild( document.createTextNode( '#wpforms-741-field_5-container { position: absolute !important; overflow: hidden !important; display: inline !important; height: 1px !important; width: 1px !important; z-index: -1000 !important; padding: 0 !important; } #wpforms-741-field_5-container input { visibility: hidden; } #wpforms-conversational-form-page #wpforms-741-field_5-container label { counter-increment: none; }' ) );\n\t\t\t\t\tdocument.head.appendChild( style );\n\t\t\t\t\tdocument.currentScript?.remove();\n\t\t\t\t} )();\n\t\t\t<\/script><\/div><!-- .wpforms-field-container --><div class=\"wpforms-submit-container\" ><input type=\"hidden\" name=\"wpforms[id]\" value=\"741\"><input type=\"hidden\" name=\"page_title\" value=\"\"><input type=\"hidden\" name=\"page_url\" value=\"https:\/\/vertecentrum.pl\/index.php\/wp-json\/wp\/v2\/pages\/995\"><input type=\"hidden\" name=\"url_referer\" value=\"\"><button type=\"submit\" name=\"wpforms[submit]\" id=\"wpforms-submit-741\" class=\"wpforms-submit\" data-alt-text=\"Wysy\u0142anie...\" data-submit-text=\"Um\u00f3w wizyt\u0119 \" aria-live=\"assertive\" value=\"wpforms-submit\">Um\u00f3w wizyt\u0119 <\/button><img decoding=\"async\" src=\"https:\/\/vertecentrum.pl\/wp-content\/plugins\/wpforms-lite\/assets\/images\/submit-spin.svg\" class=\"wpforms-submit-spinner\" style=\"display: none;\" width=\"26\" height=\"26\" alt=\"Wczytywanie\"><\/div><\/form><\/div>  <!-- .wpforms-container -->\t\t\t\t<\/div>\n\t\t\t\t<\/div>\n\t\t\t\t<\/div>\n\t\t\t\t<div class=\"elementor-element elementor-element-7b3b30e elementor-widget elementor-widget-html\" data-id=\"7b3b30e\" data-element_type=\"widget\" data-e-type=\"widget\" data-widget_type=\"html.default\">\n\t\t\t\t<div class=\"elementor-widget-container\">\n\t\t\t\t\t<a id=\"zl-url\" class=\"zl-url\" href=\"https:\/\/www.znanylekarz.pl\/katarzyna-szczepaniec\/psycholog-seksuolog\/krakow\" rel=\"nofollow\" data-zlw-doctor=\"katarzyna-szczepaniec\" data-zlw-type=\"big_with_calendar\" data-zlw-opinion=\"false\" data-zlw-hide-branding=\"true\" data-zlw-saas-only=\"false\">Katarzyna Szczepaniec - ZnanyLekarz.pl<\/a><script>!function($_x,_s,id){var js,fjs=$_x.getElementsByTagName(_s)[0];if(!$_x.getElementById(id)){js = $_x.createElement(_s);js.id = id;js.src = \"\/\/platform.docplanner.com\/js\/widget.js\";fjs.parentNode.insertBefore(js,fjs);}}(document,\"script\",\"zl-widget-s\");<\/script>\t\t\t\t<\/div>\n\t\t\t\t<\/div>\n\t\t\t\t<\/div>\n\t\t\t\t<\/div>\n\t\t\t\t\t<\/div>\n\t\t\t\t<\/div>\n\t\t\t\t<\/div>\n\t\t","protected":false},"excerpt":{"rendered":"<p>mgr Katarzyna Szczepaniec-Gracz mgr Katarzyna Szczepaniec-Gracz PSYCHOLOG PSYCHOLOG DZIECI I M\u0141ODZIE\u017bY SEKSUOLOGPSYCHOTERAPEUTA W TRAKCIE SZKOLENIA Wykszta\u0142cenie Uko\u0144czone: Psychologia stosowana, Uniwersytet Jagiello\u0144ski;Seksuologia kliniczna, Uniwersytet SWPS;Terapia Skoncentrowana na Rozwi\u0105zaniach, Centrum TSR;Szko\u0142a Trener\u00f3w, Wszechnica UJ;Studium Interwencji Kryzysowej, GIPiS Arcan.W trakcie:Szko\u0142a Psychoterapii, O\u015brodek Pomocy i Edukacji Psychologicznej Intra (nurt humanistyczno-do\u015bwiadczeniowy) Do\u015bwiadczenie Organizacja pozarz\u0105dowa &#8211; Ma\u0142opolski O\u015brodek Fundacji Praesterno (indywidualna&hellip;&nbsp;<a href=\"https:\/\/vertecentrum.pl\/index.php\/z-katarzyna-szczepaniec\/\" rel=\"bookmark\">Dowiedz si\u0119 wi\u0119cej &raquo;<span class=\"screen-reader-text\">Z Katarzyna Szczepaniec<\/span><\/a><\/p>\n","protected":false},"author":1,"featured_media":0,"parent":0,"menu_order":0,"comment_status":"closed","ping_status":"closed","template":"","meta":{"neve_meta_sidebar":"","neve_meta_container":"","neve_meta_enable_content_width":"","neve_meta_content_width":0,"neve_meta_title_alignment":"","neve_meta_author_avatar":"","neve_post_elements_order":"","neve_meta_disable_header":"","neve_meta_disable_footer":"","neve_meta_disable_title":"","_themeisle_gutenberg_block_has_review":false,"footnotes":""},"class_list":["post-995","page","type-page","status-publish","hentry"],"_links":{"self":[{"href":"https:\/\/vertecentrum.pl\/index.php\/wp-json\/wp\/v2\/pages\/995","targetHints":{"allow":["GET"]}}],"collection":[{"href":"https:\/\/vertecentrum.pl\/index.php\/wp-json\/wp\/v2\/pages"}],"about":[{"href":"https:\/\/vertecentrum.pl\/index.php\/wp-json\/wp\/v2\/types\/page"}],"author":[{"embeddable":true,"href":"https:\/\/vertecentrum.pl\/index.php\/wp-json\/wp\/v2\/users\/1"}],"replies":[{"embeddable":true,"href":"https:\/\/vertecentrum.pl\/index.php\/wp-json\/wp\/v2\/comments?post=995"}],"version-history":[{"count":16,"href":"https:\/\/vertecentrum.pl\/index.php\/wp-json\/wp\/v2\/pages\/995\/revisions"}],"predecessor-version":[{"id":1669,"href":"https:\/\/vertecentrum.pl\/index.php\/wp-json\/wp\/v2\/pages\/995\/revisions\/1669"}],"wp:attachment":[{"href":"https:\/\/vertecentrum.pl\/index.php\/wp-json\/wp\/v2\/media?parent=995"}],"curies":[{"name":"wp","href":"https:\/\/api.w.org\/{rel}","templated":true}]}}